{"id":905,"date":"2021-11-05T14:59:34","date_gmt":"2021-11-05T13:59:34","guid":{"rendered":"https:\/\/production.randeaubonne.fr\/?page_id=905"},"modified":"2022-12-22T16:15:17","modified_gmt":"2022-12-22T15:15:17","slug":"sorties-culturelles","status":"publish","type":"page","link":"https:\/\/www.randeaubonne.fr\/index.php\/sorties-culturelles\/","title":{"rendered":"Sorties culturelles"},"content":{"rendered":"\t\t<div data-elementor-type=\"wp-page\" data-elementor-id=\"905\" class=\"elementor elementor-905\" data-elementor-post-type=\"page\">\n\t\t\t\t\t\t<section class=\"elementor-section elementor-top-section elementor-element elementor-element-4728280 elementor-section-boxed elementor-section-height-default elementor-section-height-default\" data-id=\"4728280\" data-element_type=\"section\" data-settings=\"{&quot;background_background&quot;:&quot;classic&quot;,&quot;background_image&quot;:{&quot;url&quot;:&quot;https:\\\/\\\/www.randeaubonne.fr\\\/wp-content\\\/uploads\\\/2021\\\/11\\\/page_sortiesCulturelles_small.png&quot;,&quot;id&quot;:1437,&quot;size&quot;:&quot;&quot;,&quot;alt&quot;:&quot;&quot;,&quot;source&quot;:&quot;library&quot;},&quot;background_motion_fx_motion_fx_mouse&quot;:&quot;yes&quot;,&quot;background_motion_fx_mouseTrack_effect&quot;:&quot;yes&quot;,&quot;background_motion_fx_mouseTrack_speed&quot;:{&quot;unit&quot;:&quot;px&quot;,&quot;size&quot;:0.1,&quot;sizes&quot;:[]},&quot;background_image_tablet&quot;:{&quot;url&quot;:&quot;&quot;,&quot;id&quot;:&quot;&quot;,&quot;size&quot;:&quot;&quot;},&quot;background_image_mobile&quot;:{&quot;url&quot;:&quot;&quot;,&quot;id&quot;:&quot;&quot;,&quot;size&quot;:&quot;&quot;}}\">\n\t\t\t\t\t\t<div class=\"elementor-container elementor-column-gap-default\">\n\t\t\t\t\t<div class=\"elementor-column elementor-col-100 elementor-top-column elementor-element elementor-element-f2cddfb\" data-id=\"f2cddfb\" data-element_type=\"column\">\n\t\t\t<div class=\"elementor-widget-wrap elementor-element-populated\">\n\t\t\t\t\t\t<div class=\"elementor-element elementor-element-a45a346 elementor-widget elementor-widget-heading\" data-id=\"a45a346\" data-element_type=\"widget\" data-widget_type=\"heading.default\">\n\t\t\t\t<div class=\"elementor-widget-container\">\n\t\t\t\t\t<h2 class=\"elementor-heading-title elementor-size-xl\">Sorties Culturelles<\/h2>\t\t\t\t<\/div>\n\t\t\t\t<\/div>\n\t\t\t\t\t<\/div>\n\t\t<\/div>\n\t\t\t\t\t<\/div>\n\t\t<\/section>\n\t\t\t\t<section class=\"elementor-section elementor-top-section elementor-element elementor-element-82def82 elementor-section-boxed elementor-section-height-default elementor-section-height-default\" data-id=\"82def82\" data-element_type=\"section\" data-settings=\"{&quot;background_background&quot;:&quot;classic&quot;,&quot;background_image&quot;:{&quot;url&quot;:&quot;&quot;,&quot;id&quot;:&quot;&quot;,&quot;size&quot;:&quot;&quot;},&quot;background_image_tablet&quot;:{&quot;url&quot;:&quot;&quot;,&quot;id&quot;:&quot;&quot;,&quot;size&quot;:&quot;&quot;},&quot;background_image_mobile&quot;:{&quot;url&quot;:&quot;&quot;,&quot;id&quot;:&quot;&quot;,&quot;size&quot;:&quot;&quot;}}\">\n\t\t\t\t\t\t<div class=\"elementor-container elementor-column-gap-default\">\n\t\t\t\t\t<div class=\"elementor-column elementor-col-100 elementor-top-column elementor-element elementor-element-c4b522c\" data-id=\"c4b522c\" data-element_type=\"column\">\n\t\t\t<div class=\"elementor-widget-wrap elementor-element-populated\">\n\t\t\t\t\t\t<div class=\"elementor-element elementor-element-8191038 elementor-widget elementor-widget-spacer\" data-id=\"8191038\" data-element_type=\"widget\" data-widget_type=\"spacer.default\">\n\t\t\t\t<div class=\"elementor-widget-container\">\n\t\t\t\t\t\t\t<div class=\"elementor-spacer\">\n\t\t\t<div class=\"elementor-spacer-inner\"><\/div>\n\t\t<\/div>\n\t\t\t\t\t\t<\/div>\n\t\t\t\t<\/div>\n\t\t\t\t\t<\/div>\n\t\t<\/div>\n\t\t\t\t\t<\/div>\n\t\t<\/section>\n\t\t\t\t<section class=\"elementor-section elementor-top-section elementor-element elementor-element-f576479 elementor-section-boxed elementor-section-height-default elementor-section-height-default\" data-id=\"f576479\" data-element_type=\"section\" data-settings=\"{&quot;background_background&quot;:&quot;classic&quot;,&quot;background_image&quot;:{&quot;url&quot;:&quot;&quot;,&quot;id&quot;:&quot;&quot;,&quot;size&quot;:&quot;&quot;},&quot;background_image_tablet&quot;:{&quot;url&quot;:&quot;&quot;,&quot;id&quot;:&quot;&quot;,&quot;size&quot;:&quot;&quot;},&quot;background_image_mobile&quot;:{&quot;url&quot;:&quot;&quot;,&quot;id&quot;:&quot;&quot;,&quot;size&quot;:&quot;&quot;}}\">\n\t\t\t\t\t\t<div class=\"elementor-container elementor-column-gap-default\">\n\t\t\t\t\t<div class=\"elementor-column elementor-col-16 elementor-top-column elementor-element elementor-element-608db11\" data-id=\"608db11\" data-element_type=\"column\">\n\t\t\t<div class=\"elementor-widget-wrap\">\n\t\t\t\t\t\t\t<\/div>\n\t\t<\/div>\n\t\t\t\t<div class=\"elementor-column elementor-col-66 elementor-top-column elementor-element elementor-element-bc4fc25\" data-id=\"bc4fc25\" data-element_type=\"column\">\n\t\t\t<div class=\"elementor-widget-wrap elementor-element-populated\">\n\t\t\t\t\t\t<div class=\"elementor-element elementor-element-f7e08ab elementor-grid-1 elementor-grid-tablet-2 elementor-grid-mobile-1 elementor-posts--thumbnail-top elementor-widget elementor-widget-posts\" data-id=\"f7e08ab\" data-element_type=\"widget\" data-settings=\"{&quot;classic_columns&quot;:&quot;1&quot;,&quot;pagination_type&quot;:&quot;numbers&quot;,&quot;classic_columns_tablet&quot;:&quot;2&quot;,&quot;classic_columns_mobile&quot;:&quot;1&quot;,&quot;classic_row_gap&quot;:{&quot;unit&quot;:&quot;px&quot;,&quot;size&quot;:35,&quot;sizes&quot;:[]},&quot;classic_row_gap_tablet&quot;:{&quot;unit&quot;:&quot;px&quot;,&quot;size&quot;:&quot;&quot;,&quot;sizes&quot;:[]},&quot;classic_row_gap_mobile&quot;:{&quot;unit&quot;:&quot;px&quot;,&quot;size&quot;:&quot;&quot;,&quot;sizes&quot;:[]}}\" data-widget_type=\"posts.classic\">\n\t\t\t\t<div class=\"elementor-widget-container\">\n\t\t\t\t\t\t\t<div class=\"elementor-posts-container elementor-posts elementor-posts--skin-classic elementor-grid\">\n\t\t\t\t<article class=\"elementor-post elementor-grid-item post-8960 post type-post status-publish format-standard hentry category-sorties-culturelles\">\n\t\t\t\t<div class=\"elementor-post__text\">\n\t\t\t\t<h3 class=\"elementor-post__title\">\n\t\t\t<a href=\"https:\/\/www.randeaubonne.fr\/index.php\/2026\/02\/11\/visite-guidee-de-labbaye-notre-dame-du-val-a-meriel-samedi-16-mai-2026\/\" >\n\t\t\t\tVisite guid\u00e9e de l&rsquo;Abbaye Notre-Dame du Val \u00e0 M\u00e9riel, samedi 16 mai 2026\t\t\t<\/a>\n\t\t<\/h3>\n\t\t\n\t\t<a class=\"elementor-post__read-more\" href=\"https:\/\/www.randeaubonne.fr\/index.php\/2026\/02\/11\/visite-guidee-de-labbaye-notre-dame-du-val-a-meriel-samedi-16-mai-2026\/\" aria-label=\"En savoir plus sur Visite guid\u00e9e de l&rsquo;Abbaye Notre-Dame du Val \u00e0 M\u00e9riel, samedi 16 mai 2026\" tabindex=\"-1\" >\n\t\t\tLire +\t\t<\/a>\n\n\t\t\t\t<\/div>\n\t\t\t\t<\/article>\n\t\t\t\t<article class=\"elementor-post elementor-grid-item post-8962 post type-post status-publish format-standard hentry category-sorties-culturelles\">\n\t\t\t\t<div class=\"elementor-post__text\">\n\t\t\t\t<h3 class=\"elementor-post__title\">\n\t\t\t<a href=\"https:\/\/www.randeaubonne.fr\/index.php\/2026\/02\/11\/visite-guidee-du-musee-de-la-nacre-et-de-la-tabletterie-a-meru-dimanche-28-juin-2026\/\" >\n\t\t\t\tVisite guid\u00e9e du mus\u00e9e de la nacre et de la tabletterie \u00e0 M\u00e9ru &#8211; dimanche 28 juin 2026\t\t\t<\/a>\n\t\t<\/h3>\n\t\t\n\t\t<a class=\"elementor-post__read-more\" href=\"https:\/\/www.randeaubonne.fr\/index.php\/2026\/02\/11\/visite-guidee-du-musee-de-la-nacre-et-de-la-tabletterie-a-meru-dimanche-28-juin-2026\/\" aria-label=\"En savoir plus sur Visite guid\u00e9e du mus\u00e9e de la nacre et de la tabletterie \u00e0 M\u00e9ru &#8211; dimanche 28 juin 2026\" tabindex=\"-1\" >\n\t\t\tLire +\t\t<\/a>\n\n\t\t\t\t<\/div>\n\t\t\t\t<\/article>\n\t\t\t\t<article class=\"elementor-post elementor-grid-item post-9032 post type-post status-publish format-standard hentry category-sorties-culturelles\">\n\t\t\t\t<div class=\"elementor-post__text\">\n\t\t\t\t<h3 class=\"elementor-post__title\">\n\t\t\t<a href=\"https:\/\/www.randeaubonne.fr\/index.php\/2026\/04\/15\/visite-guidee-de-labbaye-du-val-a-meriel-samedi-16-mai-2026\/\" >\n\t\t\t\tVisite guid\u00e9e de l&rsquo;Abbaye du Val \u00e0 M\u00e9riel &#8211; samedi 16 mai 2026\t\t\t<\/a>\n\t\t<\/h3>\n\t\t\n\t\t<a class=\"elementor-post__read-more\" href=\"https:\/\/www.randeaubonne.fr\/index.php\/2026\/04\/15\/visite-guidee-de-labbaye-du-val-a-meriel-samedi-16-mai-2026\/\" aria-label=\"En savoir plus sur Visite guid\u00e9e de l&rsquo;Abbaye du Val \u00e0 M\u00e9riel &#8211; samedi 16 mai 2026\" tabindex=\"-1\" >\n\t\t\tLire +\t\t<\/a>\n\n\t\t\t\t<\/div>\n\t\t\t\t<\/article>\n\t\t\t\t<article class=\"elementor-post elementor-grid-item post-9034 post type-post status-publish format-standard hentry category-sorties-culturelles\">\n\t\t\t\t<div class=\"elementor-post__text\">\n\t\t\t\t<h3 class=\"elementor-post__title\">\n\t\t\t<a href=\"https:\/\/www.randeaubonne.fr\/index.php\/2026\/04\/15\/visite-guidee-du-val-de-grace-samedi-30-mai-2026\/\" >\n\t\t\t\tVisite guid\u00e9e du Val de gr\u00e2ce &#8211; samedi 30 mai 2026\t\t\t<\/a>\n\t\t<\/h3>\n\t\t\n\t\t<a class=\"elementor-post__read-more\" href=\"https:\/\/www.randeaubonne.fr\/index.php\/2026\/04\/15\/visite-guidee-du-val-de-grace-samedi-30-mai-2026\/\" aria-label=\"En savoir plus sur Visite guid\u00e9e du Val de gr\u00e2ce &#8211; samedi 30 mai 2026\" tabindex=\"-1\" >\n\t\t\tLire +\t\t<\/a>\n\n\t\t\t\t<\/div>\n\t\t\t\t<\/article>\n\t\t\t\t<article class=\"elementor-post elementor-grid-item post-9036 post type-post status-publish format-standard hentry category-sorties-culturelles\">\n\t\t\t\t<div class=\"elementor-post__text\">\n\t\t\t\t<h3 class=\"elementor-post__title\">\n\t\t\t<a href=\"https:\/\/www.randeaubonne.fr\/index.php\/2026\/04\/15\/visite-guidee-du-couvent-des-carmes-vendredi-19-juin-2026\/\" >\n\t\t\t\tVisite guid\u00e9e du couvent des Carmes &#8211; vendredi 19 juin 2026\t\t\t<\/a>\n\t\t<\/h3>\n\t\t\n\t\t<a class=\"elementor-post__read-more\" href=\"https:\/\/www.randeaubonne.fr\/index.php\/2026\/04\/15\/visite-guidee-du-couvent-des-carmes-vendredi-19-juin-2026\/\" aria-label=\"En savoir plus sur Visite guid\u00e9e du couvent des Carmes &#8211; vendredi 19 juin 2026\" tabindex=\"-1\" >\n\t\t\tLire +\t\t<\/a>\n\n\t\t\t\t<\/div>\n\t\t\t\t<\/article>\n\t\t\t\t<\/div>\n\t\t\n\t\t\t\t<div class=\"e-load-more-anchor\" data-page=\"1\" data-max-page=\"2\" data-next-page=\"https:\/\/www.randeaubonne.fr\/index.php\/wp-json\/wp\/v2\/pages\/905\/page\/2\/\"><\/div>\n\t\t\t\t<nav class=\"elementor-pagination\" aria-label=\"Pagination\">\n\t\t\t<span aria-current=\"page\" class=\"page-numbers current\"><span class=\"elementor-screen-only\">Page<\/span>1<\/span>\n<a class=\"page-numbers\" href=\"https:\/\/www.randeaubonne.fr\/index.php\/wp-json\/wp\/v2\/pages\/905\/page\/2\/\"><span class=\"elementor-screen-only\">Page<\/span>2<\/a>\t\t<\/nav>\n\t\t\t\t\t\t<\/div>\n\t\t\t\t<\/div>\n\t\t\t\t\t<\/div>\n\t\t<\/div>\n\t\t\t\t<div class=\"elementor-column elementor-col-16 elementor-top-column elementor-element elementor-element-3e329d2\" data-id=\"3e329d2\" data-element_type=\"column\">\n\t\t\t<div class=\"elementor-widget-wrap\">\n\t\t\t\t\t\t\t<\/div>\n\t\t<\/div>\n\t\t\t\t\t<\/div>\n\t\t<\/section>\n\t\t\t\t<section class=\"elementor-section elementor-top-section elementor-element elementor-element-94bfd3a elementor-section-boxed elementor-section-height-default elementor-section-height-default\" data-id=\"94bfd3a\" data-element_type=\"section\" data-settings=\"{&quot;background_background&quot;:&quot;classic&quot;,&quot;background_image&quot;:{&quot;url&quot;:&quot;&quot;,&quot;id&quot;:&quot;&quot;,&quot;size&quot;:&quot;&quot;},&quot;background_image_tablet&quot;:{&quot;url&quot;:&quot;&quot;,&quot;id&quot;:&quot;&quot;,&quot;size&quot;:&quot;&quot;},&quot;background_image_mobile&quot;:{&quot;url&quot;:&quot;&quot;,&quot;id&quot;:&quot;&quot;,&quot;size&quot;:&quot;&quot;}}\">\n\t\t\t\t\t\t<div class=\"elementor-container elementor-column-gap-default\">\n\t\t\t\t\t<div class=\"elementor-column elementor-col-100 elementor-top-column elementor-element elementor-element-a9b12d7\" data-id=\"a9b12d7\" data-element_type=\"column\">\n\t\t\t<div class=\"elementor-widget-wrap elementor-element-populated\">\n\t\t\t\t\t\t<div class=\"elementor-element elementor-element-eb5dffa elementor-widget elementor-widget-spacer\" data-id=\"eb5dffa\" data-element_type=\"widget\" data-widget_type=\"spacer.default\">\n\t\t\t\t<div class=\"elementor-widget-container\">\n\t\t\t\t\t\t\t<div class=\"elementor-spacer\">\n\t\t\t<div class=\"elementor-spacer-inner\"><\/div>\n\t\t<\/div>\n\t\t\t\t\t\t<\/div>\n\t\t\t\t<\/div>\n\t\t\t\t\t<\/div>\n\t\t<\/div>\n\t\t\t\t\t<\/div>\n\t\t<\/section>\n\t\t\t\t<\/div>\n\t\t","protected":false},"excerpt":{"rendered":"<p>Sorties Culturelles<\/p>\n","protected":false},"author":1,"featured_media":0,"parent":0,"menu_order":0,"comment_status":"closed","ping_status":"closed","template":"","meta":{"footnotes":""},"class_list":["post-905","page","type-page","status-publish","hentry"],"yoast_head":"<!-- This site is optimized with the Yoast SEO plugin v26.7 - https:\/\/yoast.com\/wordpress\/plugins\/seo\/ -->\n<title>Sorties culturelles - Randeaubonne<\/title>\n<meta name=\"robots\" content=\"index, follow, max-snippet:-1, max-image-preview:large, max-video-preview:-1\" \/>\n<link rel=\"canonical\" href=\"https:\/\/www.randeaubonne.fr\/index.php\/sorties-culturelles\/\" \/>\n<meta property=\"og:locale\" content=\"fr_FR\" \/>\n<meta property=\"og:type\" content=\"article\" \/>\n<meta property=\"og:title\" content=\"Sorties culturelles - Randeaubonne\" \/>\n<meta property=\"og:description\" content=\"Sorties Culturelles\" \/>\n<meta property=\"og:url\" content=\"https:\/\/www.randeaubonne.fr\/index.php\/sorties-culturelles\/\" \/>\n<meta property=\"og:site_name\" content=\"Randeaubonne\" \/>\n<meta property=\"article:modified_time\" content=\"2022-12-22T15:15:17+00:00\" \/>\n<meta name=\"twitter:card\" content=\"summary_large_image\" \/>\n<script type=\"application\/ld+json\" class=\"yoast-schema-graph\">{\"@context\":\"https:\/\/schema.org\",\"@graph\":[{\"@type\":\"WebPage\",\"@id\":\"https:\/\/www.randeaubonne.fr\/index.php\/sorties-culturelles\/\",\"url\":\"https:\/\/www.randeaubonne.fr\/index.php\/sorties-culturelles\/\",\"name\":\"Sorties culturelles - Randeaubonne\",\"isPartOf\":{\"@id\":\"https:\/\/www.randeaubonne.fr\/#website\"},\"datePublished\":\"2021-11-05T13:59:34+00:00\",\"dateModified\":\"2022-12-22T15:15:17+00:00\",\"breadcrumb\":{\"@id\":\"https:\/\/www.randeaubonne.fr\/index.php\/sorties-culturelles\/#breadcrumb\"},\"inLanguage\":\"fr-FR\",\"potentialAction\":[{\"@type\":\"ReadAction\",\"target\":[\"https:\/\/www.randeaubonne.fr\/index.php\/sorties-culturelles\/\"]}]},{\"@type\":\"BreadcrumbList\",\"@id\":\"https:\/\/www.randeaubonne.fr\/index.php\/sorties-culturelles\/#breadcrumb\",\"itemListElement\":[{\"@type\":\"ListItem\",\"position\":1,\"name\":\"Accueil\",\"item\":\"https:\/\/www.randeaubonne.fr\/\"},{\"@type\":\"ListItem\",\"position\":2,\"name\":\"Sorties culturelles\"}]},{\"@type\":\"WebSite\",\"@id\":\"https:\/\/www.randeaubonne.fr\/#website\",\"url\":\"https:\/\/www.randeaubonne.fr\/\",\"name\":\"Randeaubonne\",\"description\":\"La convivialit\u00e9 et la bonne humeur sont notre priorit\u00e9 !\",\"publisher\":{\"@id\":\"https:\/\/www.randeaubonne.fr\/#organization\"},\"potentialAction\":[{\"@type\":\"SearchAction\",\"target\":{\"@type\":\"EntryPoint\",\"urlTemplate\":\"https:\/\/www.randeaubonne.fr\/?s={search_term_string}\"},\"query-input\":{\"@type\":\"PropertyValueSpecification\",\"valueRequired\":true,\"valueName\":\"search_term_string\"}}],\"inLanguage\":\"fr-FR\"},{\"@type\":\"Organization\",\"@id\":\"https:\/\/www.randeaubonne.fr\/#organization\",\"name\":\"Randeaubonne\",\"url\":\"https:\/\/www.randeaubonne.fr\/\",\"logo\":{\"@type\":\"ImageObject\",\"inLanguage\":\"fr-FR\",\"@id\":\"https:\/\/www.randeaubonne.fr\/#\/schema\/logo\/image\/\",\"url\":\"https:\/\/www.randeaubonne.fr\/wp-content\/uploads\/2021\/10\/cropped-logo-randeaubonne-site.png\",\"contentUrl\":\"https:\/\/www.randeaubonne.fr\/wp-content\/uploads\/2021\/10\/cropped-logo-randeaubonne-site.png\",\"width\":215,\"height\":211,\"caption\":\"Randeaubonne\"},\"image\":{\"@id\":\"https:\/\/www.randeaubonne.fr\/#\/schema\/logo\/image\/\"}}]}<\/script>\n<!-- \/ Yoast SEO plugin. -->","yoast_head_json":{"title":"Sorties culturelles - Randeaubonne","robots":{"index":"index","follow":"follow","max-snippet":"max-snippet:-1","max-image-preview":"max-image-preview:large","max-video-preview":"max-video-preview:-1"},"canonical":"https:\/\/www.randeaubonne.fr\/index.php\/sorties-culturelles\/","og_locale":"fr_FR","og_type":"article","og_title":"Sorties culturelles - Randeaubonne","og_description":"Sorties Culturelles","og_url":"https:\/\/www.randeaubonne.fr\/index.php\/sorties-culturelles\/","og_site_name":"Randeaubonne","article_modified_time":"2022-12-22T15:15:17+00:00","twitter_card":"summary_large_image","schema":{"@context":"https:\/\/schema.org","@graph":[{"@type":"WebPage","@id":"https:\/\/www.randeaubonne.fr\/index.php\/sorties-culturelles\/","url":"https:\/\/www.randeaubonne.fr\/index.php\/sorties-culturelles\/","name":"Sorties culturelles - Randeaubonne","isPartOf":{"@id":"https:\/\/www.randeaubonne.fr\/#website"},"datePublished":"2021-11-05T13:59:34+00:00","dateModified":"2022-12-22T15:15:17+00:00","breadcrumb":{"@id":"https:\/\/www.randeaubonne.fr\/index.php\/sorties-culturelles\/#breadcrumb"},"inLanguage":"fr-FR","potentialAction":[{"@type":"ReadAction","target":["https:\/\/www.randeaubonne.fr\/index.php\/sorties-culturelles\/"]}]},{"@type":"BreadcrumbList","@id":"https:\/\/www.randeaubonne.fr\/index.php\/sorties-culturelles\/#breadcrumb","itemListElement":[{"@type":"ListItem","position":1,"name":"Accueil","item":"https:\/\/www.randeaubonne.fr\/"},{"@type":"ListItem","position":2,"name":"Sorties culturelles"}]},{"@type":"WebSite","@id":"https:\/\/www.randeaubonne.fr\/#website","url":"https:\/\/www.randeaubonne.fr\/","name":"Randeaubonne","description":"La convivialit\u00e9 et la bonne humeur sont notre priorit\u00e9 !","publisher":{"@id":"https:\/\/www.randeaubonne.fr\/#organization"},"potentialAction":[{"@type":"SearchAction","target":{"@type":"EntryPoint","urlTemplate":"https:\/\/www.randeaubonne.fr\/?s={search_term_string}"},"query-input":{"@type":"PropertyValueSpecification","valueRequired":true,"valueName":"search_term_string"}}],"inLanguage":"fr-FR"},{"@type":"Organization","@id":"https:\/\/www.randeaubonne.fr\/#organization","name":"Randeaubonne","url":"https:\/\/www.randeaubonne.fr\/","logo":{"@type":"ImageObject","inLanguage":"fr-FR","@id":"https:\/\/www.randeaubonne.fr\/#\/schema\/logo\/image\/","url":"https:\/\/www.randeaubonne.fr\/wp-content\/uploads\/2021\/10\/cropped-logo-randeaubonne-site.png","contentUrl":"https:\/\/www.randeaubonne.fr\/wp-content\/uploads\/2021\/10\/cropped-logo-randeaubonne-site.png","width":215,"height":211,"caption":"Randeaubonne"},"image":{"@id":"https:\/\/www.randeaubonne.fr\/#\/schema\/logo\/image\/"}}]}},"_links":{"self":[{"href":"https:\/\/www.randeaubonne.fr\/index.php\/wp-json\/wp\/v2\/pages\/905","targetHints":{"allow":["GET"]}}],"collection":[{"href":"https:\/\/www.randeaubonne.fr\/index.php\/wp-json\/wp\/v2\/pages"}],"about":[{"href":"https:\/\/www.randeaubonne.fr\/index.php\/wp-json\/wp\/v2\/types\/page"}],"author":[{"embeddable":true,"href":"https:\/\/www.randeaubonne.fr\/index.php\/wp-json\/wp\/v2\/users\/1"}],"replies":[{"embeddable":true,"href":"https:\/\/www.randeaubonne.fr\/index.php\/wp-json\/wp\/v2\/comments?post=905"}],"version-history":[{"count":32,"href":"https:\/\/www.randeaubonne.fr\/index.php\/wp-json\/wp\/v2\/pages\/905\/revisions"}],"predecessor-version":[{"id":3929,"href":"https:\/\/www.randeaubonne.fr\/index.php\/wp-json\/wp\/v2\/pages\/905\/revisions\/3929"}],"wp:attachment":[{"href":"https:\/\/www.randeaubonne.fr\/index.php\/wp-json\/wp\/v2\/media?parent=905"}],"curies":[{"name":"wp","href":"https:\/\/api.w.org\/{rel}","templated":true}]}}