{"id":412,"date":"2021-10-15T16:03:41","date_gmt":"2021-10-15T14:03:41","guid":{"rendered":"https:\/\/production.randeaubonne.fr\/?page_id=412"},"modified":"2025-07-03T19:30:43","modified_gmt":"2025-07-03T17:30:43","slug":"adherez","status":"publish","type":"page","link":"https:\/\/www.randeaubonne.fr\/index.php\/adherez\/","title":{"rendered":"Adh\u00e9rez"},"content":{"rendered":"\t\t<div data-elementor-type=\"wp-page\" data-elementor-id=\"412\" class=\"elementor elementor-412\" data-elementor-post-type=\"page\">\n\t\t\t\t\t\t<section class=\"elementor-section elementor-top-section elementor-element elementor-element-9b8b084 elementor-section-boxed elementor-section-height-default elementor-section-height-default\" data-id=\"9b8b084\" data-element_type=\"section\" data-settings=\"{&quot;background_background&quot;:&quot;classic&quot;,&quot;background_image&quot;:{&quot;url&quot;:&quot;&quot;,&quot;id&quot;:&quot;&quot;,&quot;size&quot;:&quot;&quot;,&quot;alt&quot;:&quot;&quot;,&quot;source&quot;:&quot;library&quot;},&quot;background_motion_fx_motion_fx_mouse&quot;:&quot;yes&quot;,&quot;background_motion_fx_mouseTrack_effect&quot;:&quot;yes&quot;,&quot;background_motion_fx_mouseTrack_speed&quot;:{&quot;unit&quot;:&quot;px&quot;,&quot;size&quot;:0.1,&quot;sizes&quot;:[]},&quot;background_image_tablet&quot;:{&quot;url&quot;:&quot;&quot;,&quot;id&quot;:&quot;&quot;,&quot;size&quot;:&quot;&quot;},&quot;background_image_mobile&quot;:{&quot;url&quot;:&quot;&quot;,&quot;id&quot;:&quot;&quot;,&quot;size&quot;:&quot;&quot;}}\">\n\t\t\t\t\t\t<div class=\"elementor-container elementor-column-gap-default\">\n\t\t\t\t\t<div class=\"elementor-column elementor-col-100 elementor-top-column elementor-element elementor-element-e4d3423\" data-id=\"e4d3423\" data-element_type=\"column\">\n\t\t\t<div class=\"elementor-widget-wrap elementor-element-populated\">\n\t\t\t\t\t\t<div class=\"elementor-element elementor-element-3280969 elementor-widget elementor-widget-heading\" data-id=\"3280969\" data-element_type=\"widget\" data-widget_type=\"heading.default\">\n\t\t\t\t<div class=\"elementor-widget-container\">\n\t\t\t\t\t<h2 class=\"elementor-heading-title elementor-size-xl\">Adh\u00e9rez<\/h2>\t\t\t\t<\/div>\n\t\t\t\t<\/div>\n\t\t\t\t\t<\/div>\n\t\t<\/div>\n\t\t\t\t\t<\/div>\n\t\t<\/section>\n\t\t\t\t<section class=\"elementor-section elementor-top-section elementor-element elementor-element-1a0b4a0 elementor-section-boxed elementor-section-height-default elementor-section-height-default\" data-id=\"1a0b4a0\" data-element_type=\"section\">\n\t\t\t\t\t\t<div class=\"elementor-container elementor-column-gap-default\">\n\t\t\t\t\t<div class=\"elementor-column elementor-col-100 elementor-top-column elementor-element elementor-element-b3a4cb7\" data-id=\"b3a4cb7\" data-element_type=\"column\">\n\t\t\t<div class=\"elementor-widget-wrap elementor-element-populated\">\n\t\t\t\t\t\t<div class=\"elementor-element elementor-element-9f7c9e6 elementor-widget elementor-widget-spacer\" data-id=\"9f7c9e6\" data-element_type=\"widget\" data-widget_type=\"spacer.default\">\n\t\t\t\t<div class=\"elementor-widget-container\">\n\t\t\t\t\t\t\t<div class=\"elementor-spacer\">\n\t\t\t<div class=\"elementor-spacer-inner\"><\/div>\n\t\t<\/div>\n\t\t\t\t\t\t<\/div>\n\t\t\t\t<\/div>\n\t\t\t\t\t<\/div>\n\t\t<\/div>\n\t\t\t\t\t<\/div>\n\t\t<\/section>\n\t\t\t\t<section class=\"elementor-section elementor-top-section elementor-element elementor-element-9f47bf6 elementor-section-boxed elementor-section-height-default elementor-section-height-default\" data-id=\"9f47bf6\" data-element_type=\"section\">\n\t\t\t\t\t\t<div class=\"elementor-container elementor-column-gap-default\">\n\t\t\t\t\t<div class=\"elementor-column elementor-col-100 elementor-top-column elementor-element elementor-element-2fbddb4\" data-id=\"2fbddb4\" data-element_type=\"column\">\n\t\t\t<div class=\"elementor-widget-wrap elementor-element-populated\">\n\t\t\t\t\t\t<div class=\"elementor-element elementor-element-dbb066d elementor-widget elementor-widget-heading\" data-id=\"dbb066d\" data-element_type=\"widget\" data-widget_type=\"heading.default\">\n\t\t\t\t<div class=\"elementor-widget-container\">\n\t\t\t\t\t<h2 class=\"elementor-heading-title elementor-size-default\">Cotisation saison 2025\/2026<\/h2>\t\t\t\t<\/div>\n\t\t\t\t<\/div>\n\t\t\t\t<div class=\"elementor-element elementor-element-8d9232f elementor-widget elementor-widget-text-editor\" data-id=\"8d9232f\" data-element_type=\"widget\" data-widget_type=\"text-editor.default\">\n\t\t\t\t<div class=\"elementor-widget-container\">\n\t\t\t\t\t\t\t\t\t<p>La licence est valable du 01\/09\/2025 au 31\/08\/2026<\/p>\t\t\t\t\t\t\t\t<\/div>\n\t\t\t\t<\/div>\n\t\t\t\t\t<\/div>\n\t\t<\/div>\n\t\t\t\t\t<\/div>\n\t\t<\/section>\n\t\t\t\t<section class=\"elementor-section elementor-top-section elementor-element elementor-element-e34dd36 elementor-section-boxed elementor-section-height-default elementor-section-height-default\" data-id=\"e34dd36\" data-element_type=\"section\">\n\t\t\t\t\t\t<div class=\"elementor-container elementor-column-gap-default\">\n\t\t\t\t\t<div class=\"elementor-column elementor-col-100 elementor-top-column elementor-element elementor-element-73aa063\" data-id=\"73aa063\" data-element_type=\"column\">\n\t\t\t<div class=\"elementor-widget-wrap elementor-element-populated\">\n\t\t\t\t\t\t<div class=\"elementor-element elementor-element-f0ddb29 elementor-widget elementor-widget-text-editor\" data-id=\"f0ddb29\" data-element_type=\"widget\" data-widget_type=\"text-editor.default\">\n\t\t\t\t<div class=\"elementor-widget-container\">\n\t\t\t\t\t\t\t\t\t<p>Ch\u00e8que \u00e0 \u00e9tablir \u00e0 l&rsquo;ordre du \u00ab\u00a0CSME Randonn\u00e9e P\u00e9destre\u00a0\u00bb<\/p>\t\t\t\t\t\t\t\t<\/div>\n\t\t\t\t<\/div>\n\t\t\t\t<div class=\"elementor-element elementor-element-9b1b81f elementor-widget elementor-widget-text-editor\" data-id=\"9b1b81f\" data-element_type=\"widget\" data-widget_type=\"text-editor.default\">\n\t\t\t\t<div class=\"elementor-widget-container\">\n\t\t\t\t\t\t\t\t\t<p><strong><em>Bulletin d&rsquo;adh\u00e9sion \u00e0 imprimer et \u00e0 remplir pour toute nouvelle adh\u00e9sion (<a href=\"https:\/\/www.randeaubonne.fr\/wp-content\/uploads\/2025\/07\/Bulletin-dadhesion-2025-2026.pdf\">cliquez ici<\/a>)<\/em><\/strong><\/p>\t\t\t\t\t\t\t\t<\/div>\n\t\t\t\t<\/div>\n\t\t\t\t<div class=\"elementor-element elementor-element-32f1547 elementor-widget elementor-widget-text-editor\" data-id=\"32f1547\" data-element_type=\"widget\" data-widget_type=\"text-editor.default\">\n\t\t\t\t<div class=\"elementor-widget-container\">\n\t\t\t\t\t\t\t\t\t<p><strong>A retourner \u00e0 :<\/strong><\/p>\n<p>Pascal ARIGOT, 14, rue du Ch\u00e2teau, 95580 MARGENCY<\/p>\t\t\t\t\t\t\t\t<\/div>\n\t\t\t\t<\/div>\n\t\t\t\t\t<\/div>\n\t\t<\/div>\n\t\t\t\t\t<\/div>\n\t\t<\/section>\n\t\t\t\t<section class=\"elementor-section elementor-top-section elementor-element elementor-element-8bedb9e elementor-section-boxed elementor-section-height-default elementor-section-height-default\" data-id=\"8bedb9e\" data-element_type=\"section\">\n\t\t\t\t\t\t<div class=\"elementor-container elementor-column-gap-default\">\n\t\t\t\t\t<div class=\"elementor-column elementor-col-100 elementor-top-column elementor-element elementor-element-2f6e7b7\" data-id=\"2f6e7b7\" data-element_type=\"column\">\n\t\t\t<div class=\"elementor-widget-wrap elementor-element-populated\">\n\t\t\t\t\t\t<div class=\"elementor-element elementor-element-da6f0af elementor-widget elementor-widget-spacer\" data-id=\"da6f0af\" data-element_type=\"widget\" data-widget_type=\"spacer.default\">\n\t\t\t\t<div class=\"elementor-widget-container\">\n\t\t\t\t\t\t\t<div class=\"elementor-spacer\">\n\t\t\t<div class=\"elementor-spacer-inner\"><\/div>\n\t\t<\/div>\n\t\t\t\t\t\t<\/div>\n\t\t\t\t<\/div>\n\t\t\t\t\t<\/div>\n\t\t<\/div>\n\t\t\t\t\t<\/div>\n\t\t<\/section>\n\t\t\t\t<section class=\"elementor-section elementor-top-section elementor-element elementor-element-be26a51 elementor-section-boxed elementor-section-height-default elementor-section-height-default\" data-id=\"be26a51\" data-element_type=\"section\">\n\t\t\t\t\t\t<div class=\"elementor-container elementor-column-gap-default\">\n\t\t\t\t\t<div class=\"elementor-column elementor-col-16 elementor-top-column elementor-element elementor-element-b49edbf\" data-id=\"b49edbf\" data-element_type=\"column\">\n\t\t\t<div class=\"elementor-widget-wrap\">\n\t\t\t\t\t\t\t<\/div>\n\t\t<\/div>\n\t\t\t\t<div class=\"elementor-column elementor-col-66 elementor-top-column elementor-element elementor-element-4ba7c48\" data-id=\"4ba7c48\" data-element_type=\"column\" data-settings=\"{&quot;background_background&quot;:&quot;classic&quot;}\">\n\t\t\t<div class=\"elementor-widget-wrap elementor-element-populated\">\n\t\t\t\t\t\t<div class=\"elementor-element elementor-element-c634762 elementor-widget elementor-widget-text-editor\" data-id=\"c634762\" data-element_type=\"widget\" data-widget_type=\"text-editor.default\">\n\t\t\t\t<div class=\"elementor-widget-container\">\n\t\t\t\t\t\t\t\t\t<p class=\"MsoNormal\"><b><span style=\"font-size: 14.0pt; line-height: 107%;\">Nouvelle saison d\u2019inscription 2025\/2026<\/span><\/b><\/p>\n<p class=\"MsoNormal\" style=\"text-align: justify;\"><b>Pour cela 3 possibilit\u00e9s s\u2019offrent \u00e0 vous<\/b>&nbsp;:<\/p>\n<p class=\"MsoListParagraphCxSpFirst\" style=\"text-align: justify; text-indent: -18.0pt; mso-list: l0 level1 lfo1;\"><span style=\"mso-ascii-font-family: Calibri; mso-fareast-font-family: Calibri; mso-hansi-font-family: Calibri; mso-bidi-font-family: Calibri;\"><span style=\"mso-list: Ignore;\">&#8211;<span style=\"font: 7.0pt 'Times New Roman';\"> &nbsp;&nbsp;&nbsp;&nbsp;&nbsp;&nbsp;&nbsp;&nbsp;&nbsp; &#8211; <\/span><\/span><\/span>Par <b>courrier <\/b>\u00e0 partir <u>du 30 ao\u00fbt 2025<\/u><\/p>\n<p class=\"MsoListParagraphCxSpMiddle\" style=\"text-align: justify; text-indent: -18.0pt; mso-list: l0 level1 lfo1;\"><span style=\"mso-ascii-font-family: Calibri; mso-fareast-font-family: Calibri; mso-hansi-font-family: Calibri; mso-bidi-font-family: Calibri;\"><span style=\"mso-list: Ignore;\">&#8211;<span style=\"font: 7.0pt 'Times New Roman';\"> &nbsp;&nbsp;&nbsp;&nbsp;&nbsp;&nbsp;&nbsp;&nbsp; &#8211;&nbsp; <\/span><\/span><\/span>Au <b>forum des associations<\/b> le 6 Septembre au Parc du Luat l\u2019Equipe du CSME Randonn\u00e9e vous accueillera de 10h \u00e0 18h<\/p>\n<p class=\"MsoListParagraphCxSpMiddle\" style=\"text-align: justify; text-indent: -18.0pt; mso-list: l0 level1 lfo1;\"><span style=\"mso-ascii-font-family: Calibri; mso-fareast-font-family: Calibri; mso-hansi-font-family: Calibri; mso-bidi-font-family: Calibri;\"><span style=\"mso-list: Ignore;\">&#8211;<span style=\"font: 7.0pt 'Times New Roman';\"> &nbsp;&nbsp;&nbsp;&nbsp;&nbsp;&nbsp;&nbsp;&nbsp;&nbsp;&nbsp;&nbsp;&nbsp; &#8211; <\/span><\/span><\/span><b>Lors de 2 sessions<\/b>, pr\u00e9sidente, tr\u00e9sori\u00e8re et secr\u00e9taire vous accueilleront<\/p>\n<p class=\"MsoListParagraphCxSpMiddle\" style=\"margin-left: 72.0pt; mso-add-space: auto; text-align: justify; text-indent: -18.0pt; mso-list: l0 level2 lfo1;\"><span style=\"font-family: 'Courier New'; mso-fareast-font-family: 'Courier New';\"><span style=\"mso-list: Ignore;\">o<span style=\"font: 7.0pt 'Times New Roman';\">&nbsp;&nbsp; <\/span><\/span><\/span>Le mardi 2 septembre de 10h \u00e0 12h<\/p>\n<p class=\"MsoListParagraphCxSpLast\" style=\"margin-left: 72.0pt; mso-add-space: auto; text-align: justify; text-indent: -18.0pt; mso-list: l0 level2 lfo1;\"><span style=\"font-family: 'Courier New'; mso-fareast-font-family: 'Courier New';\"><span style=\"mso-list: Ignore;\">o<span style=\"font: 7.0pt 'Times New Roman';\">&nbsp;&nbsp; <\/span><\/span><\/span>Le mardi 9 septembre de 10h \u00e0 12h<\/p>\n<p class=\"MsoNormal\" style=\"margin-left: 35.4pt; text-align: justify;\">\u00e0 la Maison des Associations 14 bd du Petit Ch\u00e2teau salle Veillon 1<sup>er<\/sup> \u00e9tage. Des documents seront \u00e0 votre disposition.<\/p>\n<p><strong>Rappel&nbsp;: <\/strong><\/p>\n<p>Pour tout renouvellement d\u2019inscription sans changement de vos coordonn\u00e9es (adresse, mail, t\u00e9l\u00e9phone) inutile de remplir le bulletin. Seuls <strong>l\u2019attestation de bonne sant\u00e9 sign\u00e9e<\/strong>* et <strong>le ch\u00e8que<\/strong> seront \u00e0 nous remettre.<\/p>\n<p><strong><em>*Depuis 2023, Le certificat m\u00e9dical est obligatoire, <a href=\"https:\/\/www.randeaubonne.fr\/wp-content\/uploads\/2022\/04\/certificat-medical-CACI-ffrp-2021.pdf\">exemple de certificat m\u00e9dical fourni par la FFRP (cliquez ici)<\/a> soit en cas de nouvelle inscription ou en cas d\u2019interruption de plus de deux ans de la randonn\u00e9e. Les licenci\u00e9s actuels devront fournir <a href=\"https:\/\/www.randeaubonne.fr\/wp-content\/uploads\/2024\/07\/attestation-questionnaire-sante-2024-2025.pdf\"><u>l\u2019attestation de r\u00e9ponses n\u00e9gatives <\/u>au questionnaire de sant\u00e9 (cliquez ici)<\/a> apr\u00e8s avoir rempli avec sinc\u00e9rit\u00e9 le <a href=\"https:\/\/www.randeaubonne.fr\/wp-content\/uploads\/2024\/07\/questionnaire-sante-ffrandonnee-2024-2025.pdf\">questionnaire de sant\u00e9 (cliquez ici)<\/a>, ce dernier doit rester en leur possession<\/em><\/strong>.<\/p>\n<p>Nous vous invitons \u00e0 avoir sur vous pendant les randonn\u00e9es une fiche sant\u00e9.<\/p>\n<p>Pour les adh\u00e9rents ayant une licence dans un autre club, une copie de cette licence leur sera demand\u00e9e lors de leur inscription.<\/p>\n<p><br><\/p>\n<p><strong>Cotisation&nbsp;<\/strong><\/p>\n<table>\n<tbody>\n<tr>\n<td width=\"414\">\n<p><strong>&nbsp;<\/strong><\/p>\n<\/td>\n<td width=\"142\">\n<p><strong>Tarif normal<\/strong><\/p>\n<\/td>\n<\/tr>\n<tr>\n<td width=\"414\">\n<p><strong>Adh\u00e9sion ou renouvellement<\/strong><\/p>\n<\/td>\n<td width=\"142\">\n<p><strong>58 \u20ac<\/strong><\/p>\n<\/td>\n<\/tr>\n<tr>\n<td width=\"414\">\n<p><strong>Adh\u00e9sion (avec licence prise dans un autre club) ou mineur<\/strong><\/p>\n<\/td>\n<td width=\"142\">\n<p><strong>28 \u20ac<\/strong><\/p>\n<\/td>\n<\/tr>\n<tr>\n<td width=\"414\">\n<p><strong>Abonnement Rando-magazine (facultatif)<\/strong><\/p>\n<\/td>\n<td width=\"142\">\n<p><strong>10 \u20ac<\/strong><\/p>\n<\/td>\n<\/tr>\n<\/tbody>\n<\/table>\n<p><strong>&nbsp;<\/strong><strong>Ch\u00e8que \u00e0 \u00e9tablir \u00e0 l\u2019ordre du \u00ab&nbsp;CSME Randonn\u00e9e P\u00e9destre&nbsp;\u00bb<\/strong><\/p>\n<p>Tous les documents \u00e0 fournir sont pr\u00e9sents dans cette page<\/p>\n<p><strong>Rappel&nbsp;: votre inscription au club est valable pour une saison c\u2019est dire du 1<sup>er<\/sup> septembre au 31 ao\u00fbt.<\/strong><\/p>\n<p>Dans l\u2019attente du plaisir de vous retrouver, bonne inscription et \u00e0 tr\u00e8s bient\u00f4t sur les chemins.<\/p><p><br><\/p>\n<p>Le secr\u00e9tariat du CSME Randonn\u00e9e P\u00e9destre<\/p>\n<p><em>&nbsp; &nbsp;<\/em>&nbsp; &nbsp; &nbsp; &nbsp; &nbsp; &nbsp; &nbsp;<\/p>\n<p><br><\/p>\t\t\t\t\t\t\t\t<\/div>\n\t\t\t\t<\/div>\n\t\t\t\t\t<\/div>\n\t\t<\/div>\n\t\t\t\t<div class=\"elementor-column elementor-col-16 elementor-top-column elementor-element elementor-element-60ffed3\" data-id=\"60ffed3\" data-element_type=\"column\">\n\t\t\t<div class=\"elementor-widget-wrap\">\n\t\t\t\t\t\t\t<\/div>\n\t\t<\/div>\n\t\t\t\t\t<\/div>\n\t\t<\/section>\n\t\t\t\t<section class=\"elementor-section elementor-top-section elementor-element elementor-element-2a6dc60 elementor-section-boxed elementor-section-height-default elementor-section-height-default\" data-id=\"2a6dc60\" data-element_type=\"section\">\n\t\t\t\t\t\t<div class=\"elementor-container elementor-column-gap-default\">\n\t\t\t\t\t<div class=\"elementor-column elementor-col-100 elementor-top-column elementor-element elementor-element-cdeea02\" data-id=\"cdeea02\" data-element_type=\"column\">\n\t\t\t<div class=\"elementor-widget-wrap elementor-element-populated\">\n\t\t\t\t\t\t<div class=\"elementor-element elementor-element-c0fd644 elementor-widget elementor-widget-spacer\" data-id=\"c0fd644\" data-element_type=\"widget\" data-widget_type=\"spacer.default\">\n\t\t\t\t<div class=\"elementor-widget-container\">\n\t\t\t\t\t\t\t<div class=\"elementor-spacer\">\n\t\t\t<div class=\"elementor-spacer-inner\"><\/div>\n\t\t<\/div>\n\t\t\t\t\t\t<\/div>\n\t\t\t\t<\/div>\n\t\t\t\t\t<\/div>\n\t\t<\/div>\n\t\t\t\t\t<\/div>\n\t\t<\/section>\n\t\t\t\t<\/div>\n\t\t","protected":false},"excerpt":{"rendered":"<p>Adh\u00e9rez Cotisation saison 2025\/2026 La licence est valable du 01\/09\/2025 au 31\/08\/2026 Ch\u00e8que \u00e0 \u00e9tablir \u00e0 l&rsquo;ordre du \u00ab\u00a0CSME Randonn\u00e9e P\u00e9destre\u00a0\u00bb Bulletin d&rsquo;adh\u00e9sion \u00e0 imprimer et \u00e0 remplir pour toute nouvelle adh\u00e9sion (cliquez ici) A retourner \u00e0 : Pascal ARIGOT, 14, rue du Ch\u00e2teau, 95580 MARGENCY Nouvelle saison d\u2019inscription 2025\/2026 Pour cela 3 possibilit\u00e9s s\u2019offrent [&hellip;]<\/p>\n","protected":false},"author":1,"featured_media":0,"parent":0,"menu_order":0,"comment_status":"closed","ping_status":"closed","template":"","meta":{"footnotes":""},"class_list":["post-412","page","type-page","status-publish","hentry"],"yoast_head":"<!-- This site is optimized with the Yoast SEO plugin v26.7 - https:\/\/yoast.com\/wordpress\/plugins\/seo\/ -->\n<title>Adh\u00e9rez - Randeaubonne<\/title>\n<meta name=\"robots\" content=\"index, follow, max-snippet:-1, max-image-preview:large, max-video-preview:-1\" \/>\n<link rel=\"canonical\" href=\"https:\/\/www.randeaubonne.fr\/index.php\/adherez\/\" \/>\n<meta property=\"og:locale\" content=\"fr_FR\" \/>\n<meta property=\"og:type\" content=\"article\" \/>\n<meta property=\"og:title\" content=\"Adh\u00e9rez - Randeaubonne\" \/>\n<meta property=\"og:description\" content=\"Adh\u00e9rez Cotisation saison 2025\/2026 La licence est valable du 01\/09\/2025 au 31\/08\/2026 Ch\u00e8que \u00e0 \u00e9tablir \u00e0 l&rsquo;ordre du \u00ab\u00a0CSME Randonn\u00e9e P\u00e9destre\u00a0\u00bb Bulletin d&rsquo;adh\u00e9sion \u00e0 imprimer et \u00e0 remplir pour toute nouvelle adh\u00e9sion (cliquez ici) A retourner \u00e0 : Pascal ARIGOT, 14, rue du Ch\u00e2teau, 95580 MARGENCY Nouvelle saison d\u2019inscription 2025\/2026 Pour cela 3 possibilit\u00e9s s\u2019offrent [&hellip;]\" \/>\n<meta property=\"og:url\" content=\"https:\/\/www.randeaubonne.fr\/index.php\/adherez\/\" \/>\n<meta property=\"og:site_name\" content=\"Randeaubonne\" \/>\n<meta property=\"article:modified_time\" content=\"2025-07-03T17:30:43+00:00\" \/>\n<meta name=\"twitter:card\" content=\"summary_large_image\" \/>\n<meta name=\"twitter:label1\" content=\"Dur\u00e9e de lecture estim\u00e9e\" \/>\n\t<meta name=\"twitter:data1\" content=\"2 minutes\" \/>\n<script type=\"application\/ld+json\" class=\"yoast-schema-graph\">{\"@context\":\"https:\/\/schema.org\",\"@graph\":[{\"@type\":\"WebPage\",\"@id\":\"https:\/\/www.randeaubonne.fr\/index.php\/adherez\/\",\"url\":\"https:\/\/www.randeaubonne.fr\/index.php\/adherez\/\",\"name\":\"Adh\u00e9rez - Randeaubonne\",\"isPartOf\":{\"@id\":\"https:\/\/www.randeaubonne.fr\/#website\"},\"datePublished\":\"2021-10-15T14:03:41+00:00\",\"dateModified\":\"2025-07-03T17:30:43+00:00\",\"breadcrumb\":{\"@id\":\"https:\/\/www.randeaubonne.fr\/index.php\/adherez\/#breadcrumb\"},\"inLanguage\":\"fr-FR\",\"potentialAction\":[{\"@type\":\"ReadAction\",\"target\":[\"https:\/\/www.randeaubonne.fr\/index.php\/adherez\/\"]}]},{\"@type\":\"BreadcrumbList\",\"@id\":\"https:\/\/www.randeaubonne.fr\/index.php\/adherez\/#breadcrumb\",\"itemListElement\":[{\"@type\":\"ListItem\",\"position\":1,\"name\":\"Accueil\",\"item\":\"https:\/\/www.randeaubonne.fr\/\"},{\"@type\":\"ListItem\",\"position\":2,\"name\":\"Adh\u00e9rez\"}]},{\"@type\":\"WebSite\",\"@id\":\"https:\/\/www.randeaubonne.fr\/#website\",\"url\":\"https:\/\/www.randeaubonne.fr\/\",\"name\":\"Randeaubonne\",\"description\":\"La convivialit\u00e9 et la bonne humeur sont notre priorit\u00e9 !\",\"publisher\":{\"@id\":\"https:\/\/www.randeaubonne.fr\/#organization\"},\"potentialAction\":[{\"@type\":\"SearchAction\",\"target\":{\"@type\":\"EntryPoint\",\"urlTemplate\":\"https:\/\/www.randeaubonne.fr\/?s={search_term_string}\"},\"query-input\":{\"@type\":\"PropertyValueSpecification\",\"valueRequired\":true,\"valueName\":\"search_term_string\"}}],\"inLanguage\":\"fr-FR\"},{\"@type\":\"Organization\",\"@id\":\"https:\/\/www.randeaubonne.fr\/#organization\",\"name\":\"Randeaubonne\",\"url\":\"https:\/\/www.randeaubonne.fr\/\",\"logo\":{\"@type\":\"ImageObject\",\"inLanguage\":\"fr-FR\",\"@id\":\"https:\/\/www.randeaubonne.fr\/#\/schema\/logo\/image\/\",\"url\":\"https:\/\/www.randeaubonne.fr\/wp-content\/uploads\/2021\/10\/cropped-logo-randeaubonne-site.png\",\"contentUrl\":\"https:\/\/www.randeaubonne.fr\/wp-content\/uploads\/2021\/10\/cropped-logo-randeaubonne-site.png\",\"width\":215,\"height\":211,\"caption\":\"Randeaubonne\"},\"image\":{\"@id\":\"https:\/\/www.randeaubonne.fr\/#\/schema\/logo\/image\/\"}}]}<\/script>\n<!-- \/ Yoast SEO plugin. -->","yoast_head_json":{"title":"Adh\u00e9rez - Randeaubonne","robots":{"index":"index","follow":"follow","max-snippet":"max-snippet:-1","max-image-preview":"max-image-preview:large","max-video-preview":"max-video-preview:-1"},"canonical":"https:\/\/www.randeaubonne.fr\/index.php\/adherez\/","og_locale":"fr_FR","og_type":"article","og_title":"Adh\u00e9rez - Randeaubonne","og_description":"Adh\u00e9rez Cotisation saison 2025\/2026 La licence est valable du 01\/09\/2025 au 31\/08\/2026 Ch\u00e8que \u00e0 \u00e9tablir \u00e0 l&rsquo;ordre du \u00ab\u00a0CSME Randonn\u00e9e P\u00e9destre\u00a0\u00bb Bulletin d&rsquo;adh\u00e9sion \u00e0 imprimer et \u00e0 remplir pour toute nouvelle adh\u00e9sion (cliquez ici) A retourner \u00e0 : Pascal ARIGOT, 14, rue du Ch\u00e2teau, 95580 MARGENCY Nouvelle saison d\u2019inscription 2025\/2026 Pour cela 3 possibilit\u00e9s s\u2019offrent [&hellip;]","og_url":"https:\/\/www.randeaubonne.fr\/index.php\/adherez\/","og_site_name":"Randeaubonne","article_modified_time":"2025-07-03T17:30:43+00:00","twitter_card":"summary_large_image","twitter_misc":{"Dur\u00e9e de lecture estim\u00e9e":"2 minutes"},"schema":{"@context":"https:\/\/schema.org","@graph":[{"@type":"WebPage","@id":"https:\/\/www.randeaubonne.fr\/index.php\/adherez\/","url":"https:\/\/www.randeaubonne.fr\/index.php\/adherez\/","name":"Adh\u00e9rez - Randeaubonne","isPartOf":{"@id":"https:\/\/www.randeaubonne.fr\/#website"},"datePublished":"2021-10-15T14:03:41+00:00","dateModified":"2025-07-03T17:30:43+00:00","breadcrumb":{"@id":"https:\/\/www.randeaubonne.fr\/index.php\/adherez\/#breadcrumb"},"inLanguage":"fr-FR","potentialAction":[{"@type":"ReadAction","target":["https:\/\/www.randeaubonne.fr\/index.php\/adherez\/"]}]},{"@type":"BreadcrumbList","@id":"https:\/\/www.randeaubonne.fr\/index.php\/adherez\/#breadcrumb","itemListElement":[{"@type":"ListItem","position":1,"name":"Accueil","item":"https:\/\/www.randeaubonne.fr\/"},{"@type":"ListItem","position":2,"name":"Adh\u00e9rez"}]},{"@type":"WebSite","@id":"https:\/\/www.randeaubonne.fr\/#website","url":"https:\/\/www.randeaubonne.fr\/","name":"Randeaubonne","description":"La convivialit\u00e9 et la bonne humeur sont notre priorit\u00e9 !","publisher":{"@id":"https:\/\/www.randeaubonne.fr\/#organization"},"potentialAction":[{"@type":"SearchAction","target":{"@type":"EntryPoint","urlTemplate":"https:\/\/www.randeaubonne.fr\/?s={search_term_string}"},"query-input":{"@type":"PropertyValueSpecification","valueRequired":true,"valueName":"search_term_string"}}],"inLanguage":"fr-FR"},{"@type":"Organization","@id":"https:\/\/www.randeaubonne.fr\/#organization","name":"Randeaubonne","url":"https:\/\/www.randeaubonne.fr\/","logo":{"@type":"ImageObject","inLanguage":"fr-FR","@id":"https:\/\/www.randeaubonne.fr\/#\/schema\/logo\/image\/","url":"https:\/\/www.randeaubonne.fr\/wp-content\/uploads\/2021\/10\/cropped-logo-randeaubonne-site.png","contentUrl":"https:\/\/www.randeaubonne.fr\/wp-content\/uploads\/2021\/10\/cropped-logo-randeaubonne-site.png","width":215,"height":211,"caption":"Randeaubonne"},"image":{"@id":"https:\/\/www.randeaubonne.fr\/#\/schema\/logo\/image\/"}}]}},"_links":{"self":[{"href":"https:\/\/www.randeaubonne.fr\/index.php\/wp-json\/wp\/v2\/pages\/412","targetHints":{"allow":["GET"]}}],"collection":[{"href":"https:\/\/www.randeaubonne.fr\/index.php\/wp-json\/wp\/v2\/pages"}],"about":[{"href":"https:\/\/www.randeaubonne.fr\/index.php\/wp-json\/wp\/v2\/types\/page"}],"author":[{"embeddable":true,"href":"https:\/\/www.randeaubonne.fr\/index.php\/wp-json\/wp\/v2\/users\/1"}],"replies":[{"embeddable":true,"href":"https:\/\/www.randeaubonne.fr\/index.php\/wp-json\/wp\/v2\/comments?post=412"}],"version-history":[{"count":145,"href":"https:\/\/www.randeaubonne.fr\/index.php\/wp-json\/wp\/v2\/pages\/412\/revisions"}],"predecessor-version":[{"id":8552,"href":"https:\/\/www.randeaubonne.fr\/index.php\/wp-json\/wp\/v2\/pages\/412\/revisions\/8552"}],"wp:attachment":[{"href":"https:\/\/www.randeaubonne.fr\/index.php\/wp-json\/wp\/v2\/media?parent=412"}],"curies":[{"name":"wp","href":"https:\/\/api.w.org\/{rel}","templated":true}]}}