{"id":339,"date":"2021-10-14T17:53:30","date_gmt":"2021-10-14T15:53:30","guid":{"rendered":"https:\/\/production.randeaubonne.fr\/?page_id=339"},"modified":"2025-04-06T15:50:11","modified_gmt":"2025-04-06T13:50:11","slug":"le-bureau","status":"publish","type":"page","link":"https:\/\/www.randeaubonne.fr\/index.php\/le-bureau\/","title":{"rendered":"Le bureau"},"content":{"rendered":"\t\t<div data-elementor-type=\"wp-page\" data-elementor-id=\"339\" class=\"elementor elementor-339\" data-elementor-post-type=\"page\">\n\t\t\t\t\t\t<section class=\"elementor-section elementor-top-section elementor-element elementor-element-03d106a elementor-section-boxed elementor-section-height-default elementor-section-height-default\" data-id=\"03d106a\" data-element_type=\"section\" data-settings=\"{&quot;background_background&quot;:&quot;classic&quot;,&quot;background_image&quot;:{&quot;url&quot;:&quot;&quot;,&quot;id&quot;:&quot;&quot;,&quot;size&quot;:&quot;&quot;,&quot;alt&quot;:&quot;&quot;,&quot;source&quot;:&quot;library&quot;},&quot;background_motion_fx_motion_fx_mouse&quot;:&quot;yes&quot;,&quot;background_motion_fx_mouseTrack_effect&quot;:&quot;yes&quot;,&quot;background_motion_fx_mouseTrack_speed&quot;:{&quot;unit&quot;:&quot;px&quot;,&quot;size&quot;:0.1,&quot;sizes&quot;:[]},&quot;background_image_tablet&quot;:{&quot;url&quot;:&quot;&quot;,&quot;id&quot;:&quot;&quot;,&quot;size&quot;:&quot;&quot;},&quot;background_image_mobile&quot;:{&quot;url&quot;:&quot;&quot;,&quot;id&quot;:&quot;&quot;,&quot;size&quot;:&quot;&quot;}}\">\n\t\t\t\t\t\t<div class=\"elementor-container elementor-column-gap-default\">\n\t\t\t\t\t<div class=\"elementor-column elementor-col-100 elementor-top-column elementor-element elementor-element-6be3171\" data-id=\"6be3171\" data-element_type=\"column\">\n\t\t\t<div class=\"elementor-widget-wrap elementor-element-populated\">\n\t\t\t\t\t\t<div class=\"elementor-element elementor-element-07fdc0d elementor-widget elementor-widget-heading\" data-id=\"07fdc0d\" data-element_type=\"widget\" data-widget_type=\"heading.default\">\n\t\t\t\t<div class=\"elementor-widget-container\">\n\t\t\t\t\t<h2 class=\"elementor-heading-title elementor-size-xl\">Le Bureau<\/h2>\t\t\t\t<\/div>\n\t\t\t\t<\/div>\n\t\t\t\t\t<\/div>\n\t\t<\/div>\n\t\t\t\t\t<\/div>\n\t\t<\/section>\n\t\t\t\t<section class=\"elementor-section elementor-top-section elementor-element elementor-element-c831fe8 elementor-section-boxed elementor-section-height-default elementor-section-height-default\" data-id=\"c831fe8\" data-element_type=\"section\">\n\t\t\t\t\t\t<div class=\"elementor-container elementor-column-gap-default\">\n\t\t\t\t\t<div class=\"elementor-column elementor-col-100 elementor-top-column elementor-element elementor-element-8fdaa5d\" data-id=\"8fdaa5d\" data-element_type=\"column\">\n\t\t\t<div class=\"elementor-widget-wrap elementor-element-populated\">\n\t\t\t\t\t\t<div class=\"elementor-element elementor-element-e47abeb elementor-widget elementor-widget-spacer\" data-id=\"e47abeb\" data-element_type=\"widget\" data-widget_type=\"spacer.default\">\n\t\t\t\t<div class=\"elementor-widget-container\">\n\t\t\t\t\t\t\t<div class=\"elementor-spacer\">\n\t\t\t<div class=\"elementor-spacer-inner\"><\/div>\n\t\t<\/div>\n\t\t\t\t\t\t<\/div>\n\t\t\t\t<\/div>\n\t\t\t\t\t<\/div>\n\t\t<\/div>\n\t\t\t\t\t<\/div>\n\t\t<\/section>\n\t\t\t\t<section class=\"elementor-section elementor-top-section elementor-element elementor-element-1860aa11 elementor-section-boxed elementor-section-height-default elementor-section-height-default\" data-id=\"1860aa11\" data-element_type=\"section\">\n\t\t\t\t\t\t<div class=\"elementor-container elementor-column-gap-default\">\n\t\t\t\t\t<div class=\"elementor-column elementor-col-25 elementor-top-column elementor-element elementor-element-2c2056c5\" data-id=\"2c2056c5\" data-element_type=\"column\">\n\t\t\t<div class=\"elementor-widget-wrap elementor-element-populated\">\n\t\t\t\t\t\t<div class=\"elementor-element elementor-element-2c620f1 elementor-position-top elementor-widget elementor-widget-image-box\" data-id=\"2c620f1\" data-element_type=\"widget\" data-widget_type=\"image-box.default\">\n\t\t\t\t<div class=\"elementor-widget-container\">\n\t\t\t\t\t<div class=\"elementor-image-box-wrapper\"><figure class=\"elementor-image-box-img\"><img fetchpriority=\"high\" decoding=\"async\" width=\"665\" height=\"1000\" src=\"https:\/\/www.randeaubonne.fr\/wp-content\/uploads\/2023\/12\/BELLON_Jean-Paul.png\" class=\"attachment-medium_large size-medium_large wp-image-6407\" alt=\"\" srcset=\"https:\/\/www.randeaubonne.fr\/wp-content\/uploads\/2023\/12\/BELLON_Jean-Paul.png 665w, https:\/\/www.randeaubonne.fr\/wp-content\/uploads\/2023\/12\/BELLON_Jean-Paul-200x300.png 200w\" sizes=\"(max-width: 665px) 100vw, 665px\" \/><\/figure><div class=\"elementor-image-box-content\"><p class=\"elementor-image-box-title\">Pr\u00e9sident<\/p><p class=\"elementor-image-box-description\">Jean-Paul BELLON<\/br>\n<\/p><\/div><\/div>\t\t\t\t<\/div>\n\t\t\t\t<\/div>\n\t\t\t\t\t<\/div>\n\t\t<\/div>\n\t\t\t\t<div class=\"elementor-column elementor-col-25 elementor-top-column elementor-element elementor-element-37c29df2\" data-id=\"37c29df2\" data-element_type=\"column\">\n\t\t\t<div class=\"elementor-widget-wrap elementor-element-populated\">\n\t\t\t\t\t\t<div class=\"elementor-element elementor-element-36da4a23 elementor-position-top elementor-widget elementor-widget-image-box\" data-id=\"36da4a23\" data-element_type=\"widget\" data-widget_type=\"image-box.default\">\n\t\t\t\t<div class=\"elementor-widget-container\">\n\t\t\t\t\t<div class=\"elementor-image-box-wrapper\"><figure class=\"elementor-image-box-img\"><img decoding=\"async\" width=\"665\" height=\"1000\" data-src=\"https:\/\/www.randeaubonne.fr\/wp-content\/uploads\/2023\/12\/HECQUET_Serge.png\" class=\"attachment-medium_large size-medium_large wp-image-6369 lazyload\" alt=\"\" data-srcset=\"https:\/\/www.randeaubonne.fr\/wp-content\/uploads\/2023\/12\/HECQUET_Serge.png 665w, https:\/\/www.randeaubonne.fr\/wp-content\/uploads\/2023\/12\/HECQUET_Serge-200x300.png 200w\" data-sizes=\"(max-width: 665px) 100vw, 665px\" src=\"data:image\/svg+xml;base64,PHN2ZyB3aWR0aD0iMSIgaGVpZ2h0PSIxIiB4bWxucz0iaHR0cDovL3d3dy53My5vcmcvMjAwMC9zdmciPjwvc3ZnPg==\" style=\"--smush-placeholder-width: 665px; --smush-placeholder-aspect-ratio: 665\/1000;\" \/><\/figure><div class=\"elementor-image-box-content\"><p class=\"elementor-image-box-title\">Vice pr\u00e9sident<\/p><p class=\"elementor-image-box-description\">Serge HECQUET<\/br>\n<\/p><\/div><\/div>\t\t\t\t<\/div>\n\t\t\t\t<\/div>\n\t\t\t\t\t<\/div>\n\t\t<\/div>\n\t\t\t\t<div class=\"elementor-column elementor-col-25 elementor-top-column elementor-element elementor-element-6f19c90a\" data-id=\"6f19c90a\" data-element_type=\"column\">\n\t\t\t<div class=\"elementor-widget-wrap elementor-element-populated\">\n\t\t\t\t\t\t<div class=\"elementor-element elementor-element-610825d elementor-position-top elementor-widget elementor-widget-image-box\" data-id=\"610825d\" data-element_type=\"widget\" data-widget_type=\"image-box.default\">\n\t\t\t\t<div class=\"elementor-widget-container\">\n\t\t\t\t\t<div class=\"elementor-image-box-wrapper\"><figure class=\"elementor-image-box-img\"><img decoding=\"async\" width=\"665\" height=\"1000\" data-src=\"https:\/\/www.randeaubonne.fr\/wp-content\/uploads\/2023\/12\/ARIGOT_Pascal.png\" class=\"attachment-large size-large wp-image-6507 lazyload\" alt=\"\" data-srcset=\"https:\/\/www.randeaubonne.fr\/wp-content\/uploads\/2023\/12\/ARIGOT_Pascal.png 665w, https:\/\/www.randeaubonne.fr\/wp-content\/uploads\/2023\/12\/ARIGOT_Pascal-200x300.png 200w\" data-sizes=\"(max-width: 665px) 100vw, 665px\" src=\"data:image\/svg+xml;base64,PHN2ZyB3aWR0aD0iMSIgaGVpZ2h0PSIxIiB4bWxucz0iaHR0cDovL3d3dy53My5vcmcvMjAwMC9zdmciPjwvc3ZnPg==\" style=\"--smush-placeholder-width: 665px; --smush-placeholder-aspect-ratio: 665\/1000;\" \/><\/figure><div class=\"elementor-image-box-content\"><p class=\"elementor-image-box-title\">Secr\u00e9taire G\u00e9n\u00e9ral<\/p><p class=\"elementor-image-box-description\">Pascal ARIGOT<\/br>\n<\/p><\/div><\/div>\t\t\t\t<\/div>\n\t\t\t\t<\/div>\n\t\t\t\t\t<\/div>\n\t\t<\/div>\n\t\t\t\t<div class=\"elementor-column elementor-col-25 elementor-top-column elementor-element elementor-element-5225e69e\" data-id=\"5225e69e\" data-element_type=\"column\">\n\t\t\t<div class=\"elementor-widget-wrap elementor-element-populated\">\n\t\t\t\t\t\t<div class=\"elementor-element elementor-element-f32f6b4 elementor-position-top elementor-widget elementor-widget-image-box\" data-id=\"f32f6b4\" data-element_type=\"widget\" data-widget_type=\"image-box.default\">\n\t\t\t\t<div class=\"elementor-widget-container\">\n\t\t\t\t\t<div class=\"elementor-image-box-wrapper\"><figure class=\"elementor-image-box-img\"><img decoding=\"async\" width=\"665\" height=\"1000\" data-src=\"https:\/\/www.randeaubonne.fr\/wp-content\/uploads\/2023\/12\/CAILLON_Nathalie.png\" class=\"attachment-large size-large wp-image-6418 lazyload\" alt=\"\" data-srcset=\"https:\/\/www.randeaubonne.fr\/wp-content\/uploads\/2023\/12\/CAILLON_Nathalie.png 665w, https:\/\/www.randeaubonne.fr\/wp-content\/uploads\/2023\/12\/CAILLON_Nathalie-200x300.png 200w\" data-sizes=\"(max-width: 665px) 100vw, 665px\" src=\"data:image\/svg+xml;base64,PHN2ZyB3aWR0aD0iMSIgaGVpZ2h0PSIxIiB4bWxucz0iaHR0cDovL3d3dy53My5vcmcvMjAwMC9zdmciPjwvc3ZnPg==\" style=\"--smush-placeholder-width: 665px; --smush-placeholder-aspect-ratio: 665\/1000;\" \/><\/figure><div class=\"elementor-image-box-content\"><p class=\"elementor-image-box-title\">Secr\u00e9taire G\u00e9n\u00e9rale Adjointe<\/p><p class=\"elementor-image-box-description\">Nathalie CAILLON<\/br>\n<\/p><\/div><\/div>\t\t\t\t<\/div>\n\t\t\t\t<\/div>\n\t\t\t\t\t<\/div>\n\t\t<\/div>\n\t\t\t\t\t<\/div>\n\t\t<\/section>\n\t\t\t\t<section class=\"elementor-section elementor-top-section elementor-element elementor-element-3d9f963 elementor-section-boxed elementor-section-height-default elementor-section-height-default\" data-id=\"3d9f963\" data-element_type=\"section\">\n\t\t\t\t\t\t<div class=\"elementor-container elementor-column-gap-default\">\n\t\t\t\t\t<div class=\"elementor-column elementor-col-25 elementor-top-column elementor-element elementor-element-229c8f6\" data-id=\"229c8f6\" data-element_type=\"column\">\n\t\t\t<div class=\"elementor-widget-wrap elementor-element-populated\">\n\t\t\t\t\t\t<div class=\"elementor-element elementor-element-81f9507 elementor-position-top elementor-widget elementor-widget-image-box\" data-id=\"81f9507\" data-element_type=\"widget\" data-widget_type=\"image-box.default\">\n\t\t\t\t<div class=\"elementor-widget-container\">\n\t\t\t\t\t<div class=\"elementor-image-box-wrapper\"><figure class=\"elementor-image-box-img\"><img decoding=\"async\" width=\"665\" height=\"1000\" data-src=\"https:\/\/www.randeaubonne.fr\/wp-content\/uploads\/2023\/12\/MERIGOT_Christiane.png\" class=\"attachment-medium_large size-medium_large wp-image-6382 lazyload\" alt=\"\" data-srcset=\"https:\/\/www.randeaubonne.fr\/wp-content\/uploads\/2023\/12\/MERIGOT_Christiane.png 665w, https:\/\/www.randeaubonne.fr\/wp-content\/uploads\/2023\/12\/MERIGOT_Christiane-200x300.png 200w\" data-sizes=\"(max-width: 665px) 100vw, 665px\" src=\"data:image\/svg+xml;base64,PHN2ZyB3aWR0aD0iMSIgaGVpZ2h0PSIxIiB4bWxucz0iaHR0cDovL3d3dy53My5vcmcvMjAwMC9zdmciPjwvc3ZnPg==\" style=\"--smush-placeholder-width: 665px; --smush-placeholder-aspect-ratio: 665\/1000;\" \/><\/figure><div class=\"elementor-image-box-content\"><p class=\"elementor-image-box-title\">Tr\u00e9sori\u00e8re<\/p><p class=\"elementor-image-box-description\">Christiane MERIGOT<\/br>\n<\/p><\/div><\/div>\t\t\t\t<\/div>\n\t\t\t\t<\/div>\n\t\t\t\t\t<\/div>\n\t\t<\/div>\n\t\t\t\t<div class=\"elementor-column elementor-col-25 elementor-top-column elementor-element elementor-element-db9b8dc\" data-id=\"db9b8dc\" data-element_type=\"column\">\n\t\t\t<div class=\"elementor-widget-wrap elementor-element-populated\">\n\t\t\t\t\t\t<div class=\"elementor-element elementor-element-34fb4cf elementor-position-top elementor-widget elementor-widget-image-box\" data-id=\"34fb4cf\" data-element_type=\"widget\" data-widget_type=\"image-box.default\">\n\t\t\t\t<div class=\"elementor-widget-container\">\n\t\t\t\t\t<div class=\"elementor-image-box-wrapper\"><figure class=\"elementor-image-box-img\"><img decoding=\"async\" width=\"665\" height=\"1000\" data-src=\"https:\/\/www.randeaubonne.fr\/wp-content\/uploads\/2023\/12\/DORIZZI_Paul.png\" class=\"attachment-large size-large wp-image-6431 lazyload\" alt=\"\" data-srcset=\"https:\/\/www.randeaubonne.fr\/wp-content\/uploads\/2023\/12\/DORIZZI_Paul.png 665w, https:\/\/www.randeaubonne.fr\/wp-content\/uploads\/2023\/12\/DORIZZI_Paul-200x300.png 200w\" data-sizes=\"(max-width: 665px) 100vw, 665px\" src=\"data:image\/svg+xml;base64,PHN2ZyB3aWR0aD0iMSIgaGVpZ2h0PSIxIiB4bWxucz0iaHR0cDovL3d3dy53My5vcmcvMjAwMC9zdmciPjwvc3ZnPg==\" style=\"--smush-placeholder-width: 665px; --smush-placeholder-aspect-ratio: 665\/1000;\" \/><\/figure><div class=\"elementor-image-box-content\"><p class=\"elementor-image-box-title\">Tr\u00e9sorier adjoint<\/p><p class=\"elementor-image-box-description\">Paul DORIZZI<\/br>\n<\/p><\/div><\/div>\t\t\t\t<\/div>\n\t\t\t\t<\/div>\n\t\t\t\t\t<\/div>\n\t\t<\/div>\n\t\t\t\t<div class=\"elementor-column elementor-col-25 elementor-top-column elementor-element elementor-element-ec1ce2e\" data-id=\"ec1ce2e\" data-element_type=\"column\">\n\t\t\t<div class=\"elementor-widget-wrap\">\n\t\t\t\t\t\t\t<\/div>\n\t\t<\/div>\n\t\t\t\t<div class=\"elementor-column elementor-col-25 elementor-top-column elementor-element elementor-element-ee00c07\" data-id=\"ee00c07\" data-element_type=\"column\">\n\t\t\t<div class=\"elementor-widget-wrap\">\n\t\t\t\t\t\t\t<\/div>\n\t\t<\/div>\n\t\t\t\t\t<\/div>\n\t\t<\/section>\n\t\t\t\t<section class=\"elementor-section elementor-top-section elementor-element elementor-element-aa828be elementor-section-boxed elementor-section-height-default elementor-section-height-default\" data-id=\"aa828be\" data-element_type=\"section\">\n\t\t\t\t\t\t<div class=\"elementor-container elementor-column-gap-default\">\n\t\t\t\t\t<div class=\"elementor-column elementor-col-100 elementor-top-column elementor-element elementor-element-cd891bb\" data-id=\"cd891bb\" data-element_type=\"column\">\n\t\t\t<div class=\"elementor-widget-wrap elementor-element-populated\">\n\t\t\t\t\t\t<div class=\"elementor-element elementor-element-ba273bb elementor-widget elementor-widget-spacer\" data-id=\"ba273bb\" data-element_type=\"widget\" data-widget_type=\"spacer.default\">\n\t\t\t\t<div class=\"elementor-widget-container\">\n\t\t\t\t\t\t\t<div class=\"elementor-spacer\">\n\t\t\t<div class=\"elementor-spacer-inner\"><\/div>\n\t\t<\/div>\n\t\t\t\t\t\t<\/div>\n\t\t\t\t<\/div>\n\t\t\t\t\t<\/div>\n\t\t<\/div>\n\t\t\t\t\t<\/div>\n\t\t<\/section>\n\t\t\t\t<\/div>\n\t\t","protected":false},"excerpt":{"rendered":"<p>Le Bureau Pr\u00e9sident Jean-Paul BELLON Vice pr\u00e9sident Serge HECQUET Secr\u00e9taire G\u00e9n\u00e9ral Pascal ARIGOT Secr\u00e9taire G\u00e9n\u00e9rale Adjointe Nathalie CAILLON Tr\u00e9sori\u00e8re Christiane MERIGOT Tr\u00e9sorier adjoint Paul DORIZZI<\/p>\n","protected":false},"author":1,"featured_media":0,"parent":0,"menu_order":0,"comment_status":"closed","ping_status":"closed","template":"","meta":{"footnotes":""},"class_list":["post-339","page","type-page","status-publish","hentry"],"yoast_head":"<!-- This site is optimized with the Yoast SEO plugin v26.7 - https:\/\/yoast.com\/wordpress\/plugins\/seo\/ -->\n<title>Le bureau - Randeaubonne<\/title>\n<meta name=\"robots\" content=\"index, follow, max-snippet:-1, max-image-preview:large, max-video-preview:-1\" \/>\n<link rel=\"canonical\" href=\"https:\/\/www.randeaubonne.fr\/index.php\/le-bureau\/\" \/>\n<meta property=\"og:locale\" content=\"fr_FR\" \/>\n<meta property=\"og:type\" content=\"article\" \/>\n<meta property=\"og:title\" content=\"Le bureau - Randeaubonne\" \/>\n<meta property=\"og:description\" content=\"Le Bureau Pr\u00e9sident Jean-Paul BELLON Vice pr\u00e9sident Serge HECQUET Secr\u00e9taire G\u00e9n\u00e9ral Pascal ARIGOT Secr\u00e9taire G\u00e9n\u00e9rale Adjointe Nathalie CAILLON Tr\u00e9sori\u00e8re Christiane MERIGOT Tr\u00e9sorier adjoint Paul DORIZZI\" \/>\n<meta property=\"og:url\" content=\"https:\/\/www.randeaubonne.fr\/index.php\/le-bureau\/\" \/>\n<meta property=\"og:site_name\" content=\"Randeaubonne\" \/>\n<meta property=\"article:modified_time\" content=\"2025-04-06T13:50:11+00:00\" \/>\n<meta property=\"og:image\" content=\"https:\/\/www.randeaubonne.fr\/wp-content\/uploads\/2023\/12\/BELLON_Jean-Paul.png\" \/>\n<meta name=\"twitter:card\" content=\"summary_large_image\" \/>\n<meta name=\"twitter:label1\" content=\"Dur\u00e9e de lecture estim\u00e9e\" \/>\n\t<meta name=\"twitter:data1\" content=\"2 minutes\" \/>\n<script type=\"application\/ld+json\" class=\"yoast-schema-graph\">{\"@context\":\"https:\/\/schema.org\",\"@graph\":[{\"@type\":\"WebPage\",\"@id\":\"https:\/\/www.randeaubonne.fr\/index.php\/le-bureau\/\",\"url\":\"https:\/\/www.randeaubonne.fr\/index.php\/le-bureau\/\",\"name\":\"Le bureau - Randeaubonne\",\"isPartOf\":{\"@id\":\"https:\/\/www.randeaubonne.fr\/#website\"},\"primaryImageOfPage\":{\"@id\":\"https:\/\/www.randeaubonne.fr\/index.php\/le-bureau\/#primaryimage\"},\"image\":{\"@id\":\"https:\/\/www.randeaubonne.fr\/index.php\/le-bureau\/#primaryimage\"},\"thumbnailUrl\":\"https:\/\/www.randeaubonne.fr\/wp-content\/uploads\/2023\/12\/BELLON_Jean-Paul.png\",\"datePublished\":\"2021-10-14T15:53:30+00:00\",\"dateModified\":\"2025-04-06T13:50:11+00:00\",\"breadcrumb\":{\"@id\":\"https:\/\/www.randeaubonne.fr\/index.php\/le-bureau\/#breadcrumb\"},\"inLanguage\":\"fr-FR\",\"potentialAction\":[{\"@type\":\"ReadAction\",\"target\":[\"https:\/\/www.randeaubonne.fr\/index.php\/le-bureau\/\"]}]},{\"@type\":\"ImageObject\",\"inLanguage\":\"fr-FR\",\"@id\":\"https:\/\/www.randeaubonne.fr\/index.php\/le-bureau\/#primaryimage\",\"url\":\"https:\/\/www.randeaubonne.fr\/wp-content\/uploads\/2023\/12\/BELLON_Jean-Paul.png\",\"contentUrl\":\"https:\/\/www.randeaubonne.fr\/wp-content\/uploads\/2023\/12\/BELLON_Jean-Paul.png\"},{\"@type\":\"BreadcrumbList\",\"@id\":\"https:\/\/www.randeaubonne.fr\/index.php\/le-bureau\/#breadcrumb\",\"itemListElement\":[{\"@type\":\"ListItem\",\"position\":1,\"name\":\"Accueil\",\"item\":\"https:\/\/www.randeaubonne.fr\/\"},{\"@type\":\"ListItem\",\"position\":2,\"name\":\"Le bureau\"}]},{\"@type\":\"WebSite\",\"@id\":\"https:\/\/www.randeaubonne.fr\/#website\",\"url\":\"https:\/\/www.randeaubonne.fr\/\",\"name\":\"Randeaubonne\",\"description\":\"La convivialit\u00e9 et la bonne humeur sont notre priorit\u00e9 !\",\"publisher\":{\"@id\":\"https:\/\/www.randeaubonne.fr\/#organization\"},\"potentialAction\":[{\"@type\":\"SearchAction\",\"target\":{\"@type\":\"EntryPoint\",\"urlTemplate\":\"https:\/\/www.randeaubonne.fr\/?s={search_term_string}\"},\"query-input\":{\"@type\":\"PropertyValueSpecification\",\"valueRequired\":true,\"valueName\":\"search_term_string\"}}],\"inLanguage\":\"fr-FR\"},{\"@type\":\"Organization\",\"@id\":\"https:\/\/www.randeaubonne.fr\/#organization\",\"name\":\"Randeaubonne\",\"url\":\"https:\/\/www.randeaubonne.fr\/\",\"logo\":{\"@type\":\"ImageObject\",\"inLanguage\":\"fr-FR\",\"@id\":\"https:\/\/www.randeaubonne.fr\/#\/schema\/logo\/image\/\",\"url\":\"https:\/\/www.randeaubonne.fr\/wp-content\/uploads\/2021\/10\/cropped-logo-randeaubonne-site.png\",\"contentUrl\":\"https:\/\/www.randeaubonne.fr\/wp-content\/uploads\/2021\/10\/cropped-logo-randeaubonne-site.png\",\"width\":215,\"height\":211,\"caption\":\"Randeaubonne\"},\"image\":{\"@id\":\"https:\/\/www.randeaubonne.fr\/#\/schema\/logo\/image\/\"}}]}<\/script>\n<!-- \/ Yoast SEO plugin. -->","yoast_head_json":{"title":"Le bureau - Randeaubonne","robots":{"index":"index","follow":"follow","max-snippet":"max-snippet:-1","max-image-preview":"max-image-preview:large","max-video-preview":"max-video-preview:-1"},"canonical":"https:\/\/www.randeaubonne.fr\/index.php\/le-bureau\/","og_locale":"fr_FR","og_type":"article","og_title":"Le bureau - Randeaubonne","og_description":"Le Bureau Pr\u00e9sident Jean-Paul BELLON Vice pr\u00e9sident Serge HECQUET Secr\u00e9taire G\u00e9n\u00e9ral Pascal ARIGOT Secr\u00e9taire G\u00e9n\u00e9rale Adjointe Nathalie CAILLON Tr\u00e9sori\u00e8re Christiane MERIGOT Tr\u00e9sorier adjoint Paul DORIZZI","og_url":"https:\/\/www.randeaubonne.fr\/index.php\/le-bureau\/","og_site_name":"Randeaubonne","article_modified_time":"2025-04-06T13:50:11+00:00","og_image":[{"url":"https:\/\/www.randeaubonne.fr\/wp-content\/uploads\/2023\/12\/BELLON_Jean-Paul.png","type":"","width":"","height":""}],"twitter_card":"summary_large_image","twitter_misc":{"Dur\u00e9e de lecture estim\u00e9e":"2 minutes"},"schema":{"@context":"https:\/\/schema.org","@graph":[{"@type":"WebPage","@id":"https:\/\/www.randeaubonne.fr\/index.php\/le-bureau\/","url":"https:\/\/www.randeaubonne.fr\/index.php\/le-bureau\/","name":"Le bureau - Randeaubonne","isPartOf":{"@id":"https:\/\/www.randeaubonne.fr\/#website"},"primaryImageOfPage":{"@id":"https:\/\/www.randeaubonne.fr\/index.php\/le-bureau\/#primaryimage"},"image":{"@id":"https:\/\/www.randeaubonne.fr\/index.php\/le-bureau\/#primaryimage"},"thumbnailUrl":"https:\/\/www.randeaubonne.fr\/wp-content\/uploads\/2023\/12\/BELLON_Jean-Paul.png","datePublished":"2021-10-14T15:53:30+00:00","dateModified":"2025-04-06T13:50:11+00:00","breadcrumb":{"@id":"https:\/\/www.randeaubonne.fr\/index.php\/le-bureau\/#breadcrumb"},"inLanguage":"fr-FR","potentialAction":[{"@type":"ReadAction","target":["https:\/\/www.randeaubonne.fr\/index.php\/le-bureau\/"]}]},{"@type":"ImageObject","inLanguage":"fr-FR","@id":"https:\/\/www.randeaubonne.fr\/index.php\/le-bureau\/#primaryimage","url":"https:\/\/www.randeaubonne.fr\/wp-content\/uploads\/2023\/12\/BELLON_Jean-Paul.png","contentUrl":"https:\/\/www.randeaubonne.fr\/wp-content\/uploads\/2023\/12\/BELLON_Jean-Paul.png"},{"@type":"BreadcrumbList","@id":"https:\/\/www.randeaubonne.fr\/index.php\/le-bureau\/#breadcrumb","itemListElement":[{"@type":"ListItem","position":1,"name":"Accueil","item":"https:\/\/www.randeaubonne.fr\/"},{"@type":"ListItem","position":2,"name":"Le bureau"}]},{"@type":"WebSite","@id":"https:\/\/www.randeaubonne.fr\/#website","url":"https:\/\/www.randeaubonne.fr\/","name":"Randeaubonne","description":"La convivialit\u00e9 et la bonne humeur sont notre priorit\u00e9 !","publisher":{"@id":"https:\/\/www.randeaubonne.fr\/#organization"},"potentialAction":[{"@type":"SearchAction","target":{"@type":"EntryPoint","urlTemplate":"https:\/\/www.randeaubonne.fr\/?s={search_term_string}"},"query-input":{"@type":"PropertyValueSpecification","valueRequired":true,"valueName":"search_term_string"}}],"inLanguage":"fr-FR"},{"@type":"Organization","@id":"https:\/\/www.randeaubonne.fr\/#organization","name":"Randeaubonne","url":"https:\/\/www.randeaubonne.fr\/","logo":{"@type":"ImageObject","inLanguage":"fr-FR","@id":"https:\/\/www.randeaubonne.fr\/#\/schema\/logo\/image\/","url":"https:\/\/www.randeaubonne.fr\/wp-content\/uploads\/2021\/10\/cropped-logo-randeaubonne-site.png","contentUrl":"https:\/\/www.randeaubonne.fr\/wp-content\/uploads\/2021\/10\/cropped-logo-randeaubonne-site.png","width":215,"height":211,"caption":"Randeaubonne"},"image":{"@id":"https:\/\/www.randeaubonne.fr\/#\/schema\/logo\/image\/"}}]}},"_links":{"self":[{"href":"https:\/\/www.randeaubonne.fr\/index.php\/wp-json\/wp\/v2\/pages\/339","targetHints":{"allow":["GET"]}}],"collection":[{"href":"https:\/\/www.randeaubonne.fr\/index.php\/wp-json\/wp\/v2\/pages"}],"about":[{"href":"https:\/\/www.randeaubonne.fr\/index.php\/wp-json\/wp\/v2\/types\/page"}],"author":[{"embeddable":true,"href":"https:\/\/www.randeaubonne.fr\/index.php\/wp-json\/wp\/v2\/users\/1"}],"replies":[{"embeddable":true,"href":"https:\/\/www.randeaubonne.fr\/index.php\/wp-json\/wp\/v2\/comments?post=339"}],"version-history":[{"count":100,"href":"https:\/\/www.randeaubonne.fr\/index.php\/wp-json\/wp\/v2\/pages\/339\/revisions"}],"predecessor-version":[{"id":8242,"href":"https:\/\/www.randeaubonne.fr\/index.php\/wp-json\/wp\/v2\/pages\/339\/revisions\/8242"}],"wp:attachment":[{"href":"https:\/\/www.randeaubonne.fr\/index.php\/wp-json\/wp\/v2\/media?parent=339"}],"curies":[{"name":"wp","href":"https:\/\/api.w.org\/{rel}","templated":true}]}}