{"id":2193,"date":"2022-01-04T17:03:35","date_gmt":"2022-01-04T16:03:35","guid":{"rendered":"https:\/\/production.randeaubonne.fr\/?page_id=2193"},"modified":"2026-01-07T10:34:27","modified_gmt":"2026-01-07T09:34:27","slug":"photos-des-sorties","status":"publish","type":"page","link":"https:\/\/www.randeaubonne.fr\/index.php\/photos-des-sorties\/","title":{"rendered":"Photos des sorties"},"content":{"rendered":"\t\t<div data-elementor-type=\"wp-page\" data-elementor-id=\"2193\" class=\"elementor elementor-2193\" data-elementor-post-type=\"page\">\n\t\t\t\t\t\t<section class=\"elementor-section elementor-top-section elementor-element elementor-element-92fabe2 elementor-section-boxed elementor-section-height-default elementor-section-height-default\" data-id=\"92fabe2\" data-element_type=\"section\" data-settings=\"{&quot;background_background&quot;:&quot;classic&quot;,&quot;background_image&quot;:{&quot;url&quot;:&quot;&quot;,&quot;id&quot;:&quot;&quot;,&quot;size&quot;:&quot;&quot;,&quot;alt&quot;:&quot;&quot;,&quot;source&quot;:&quot;library&quot;},&quot;background_motion_fx_motion_fx_mouse&quot;:&quot;yes&quot;,&quot;background_motion_fx_mouseTrack_effect&quot;:&quot;yes&quot;,&quot;background_motion_fx_mouseTrack_speed&quot;:{&quot;unit&quot;:&quot;px&quot;,&quot;size&quot;:0.1,&quot;sizes&quot;:[]},&quot;background_image_tablet&quot;:{&quot;url&quot;:&quot;&quot;,&quot;id&quot;:&quot;&quot;,&quot;size&quot;:&quot;&quot;},&quot;background_image_mobile&quot;:{&quot;url&quot;:&quot;&quot;,&quot;id&quot;:&quot;&quot;,&quot;size&quot;:&quot;&quot;}}\">\n\t\t\t\t\t\t<div class=\"elementor-container elementor-column-gap-default\">\n\t\t\t\t\t<div class=\"elementor-column elementor-col-100 elementor-top-column elementor-element elementor-element-c78c9d9\" data-id=\"c78c9d9\" data-element_type=\"column\">\n\t\t\t<div class=\"elementor-widget-wrap elementor-element-populated\">\n\t\t\t\t\t\t<div class=\"elementor-element elementor-element-9a74ef9 elementor-widget elementor-widget-heading\" data-id=\"9a74ef9\" data-element_type=\"widget\" data-widget_type=\"heading.default\">\n\t\t\t\t<div class=\"elementor-widget-container\">\n\t\t\t\t\t<h2 class=\"elementor-heading-title elementor-size-xl\">Photos des sorties<\/h2>\t\t\t\t<\/div>\n\t\t\t\t<\/div>\n\t\t\t\t\t<\/div>\n\t\t<\/div>\n\t\t\t\t\t<\/div>\n\t\t<\/section>\n\t\t\t\t<section class=\"elementor-section elementor-top-section elementor-element elementor-element-02cde30 elementor-section-boxed elementor-section-height-default elementor-section-height-default\" data-id=\"02cde30\" data-element_type=\"section\" data-settings=\"{&quot;background_background&quot;:&quot;classic&quot;,&quot;background_image&quot;:{&quot;url&quot;:&quot;&quot;,&quot;id&quot;:&quot;&quot;,&quot;size&quot;:&quot;&quot;},&quot;background_image_tablet&quot;:{&quot;url&quot;:&quot;&quot;,&quot;id&quot;:&quot;&quot;,&quot;size&quot;:&quot;&quot;},&quot;background_image_mobile&quot;:{&quot;url&quot;:&quot;&quot;,&quot;id&quot;:&quot;&quot;,&quot;size&quot;:&quot;&quot;}}\">\n\t\t\t\t\t\t<div class=\"elementor-container elementor-column-gap-default\">\n\t\t\t\t\t<div class=\"elementor-column elementor-col-100 elementor-top-column elementor-element elementor-element-eef733e\" data-id=\"eef733e\" data-element_type=\"column\">\n\t\t\t<div class=\"elementor-widget-wrap elementor-element-populated\">\n\t\t\t\t\t\t<div class=\"elementor-element elementor-element-5eb0e36 elementor-widget elementor-widget-spacer\" data-id=\"5eb0e36\" data-element_type=\"widget\" data-widget_type=\"spacer.default\">\n\t\t\t\t<div class=\"elementor-widget-container\">\n\t\t\t\t\t\t\t<div class=\"elementor-spacer\">\n\t\t\t<div class=\"elementor-spacer-inner\"><\/div>\n\t\t<\/div>\n\t\t\t\t\t\t<\/div>\n\t\t\t\t<\/div>\n\t\t\t\t\t<\/div>\n\t\t<\/div>\n\t\t\t\t\t<\/div>\n\t\t<\/section>\n\t\t\t\t<section class=\"elementor-section elementor-top-section elementor-element elementor-element-36c0f98 elementor-section-boxed elementor-section-height-default elementor-section-height-default\" data-id=\"36c0f98\" data-element_type=\"section\" data-settings=\"{&quot;background_background&quot;:&quot;classic&quot;,&quot;background_image&quot;:{&quot;url&quot;:&quot;&quot;,&quot;id&quot;:&quot;&quot;,&quot;size&quot;:&quot;&quot;},&quot;background_image_tablet&quot;:{&quot;url&quot;:&quot;&quot;,&quot;id&quot;:&quot;&quot;,&quot;size&quot;:&quot;&quot;},&quot;background_image_mobile&quot;:{&quot;url&quot;:&quot;&quot;,&quot;id&quot;:&quot;&quot;,&quot;size&quot;:&quot;&quot;}}\">\n\t\t\t\t\t\t<div class=\"elementor-container elementor-column-gap-default\">\n\t\t\t\t\t<div class=\"elementor-column elementor-col-16 elementor-top-column elementor-element elementor-element-b479525\" data-id=\"b479525\" data-element_type=\"column\">\n\t\t\t<div class=\"elementor-widget-wrap\">\n\t\t\t\t\t\t\t<\/div>\n\t\t<\/div>\n\t\t\t\t<div class=\"elementor-column elementor-col-66 elementor-top-column elementor-element elementor-element-e9acecd\" data-id=\"e9acecd\" data-element_type=\"column\">\n\t\t\t<div class=\"elementor-widget-wrap\">\n\t\t\t\t\t\t\t<\/div>\n\t\t<\/div>\n\t\t\t\t<div class=\"elementor-column elementor-col-16 elementor-top-column elementor-element elementor-element-038e92a\" data-id=\"038e92a\" data-element_type=\"column\">\n\t\t\t<div class=\"elementor-widget-wrap\">\n\t\t\t\t\t\t\t<\/div>\n\t\t<\/div>\n\t\t\t\t\t<\/div>\n\t\t<\/section>\n\t\t\t\t<section class=\"elementor-section elementor-top-section elementor-element elementor-element-bc87c06 elementor-section-boxed elementor-section-height-default elementor-section-height-default\" data-id=\"bc87c06\" data-element_type=\"section\" data-settings=\"{&quot;background_background&quot;:&quot;classic&quot;,&quot;background_image&quot;:{&quot;url&quot;:&quot;&quot;,&quot;id&quot;:&quot;&quot;,&quot;size&quot;:&quot;&quot;},&quot;background_image_tablet&quot;:{&quot;url&quot;:&quot;&quot;,&quot;id&quot;:&quot;&quot;,&quot;size&quot;:&quot;&quot;},&quot;background_image_mobile&quot;:{&quot;url&quot;:&quot;&quot;,&quot;id&quot;:&quot;&quot;,&quot;size&quot;:&quot;&quot;}}\">\n\t\t\t\t\t\t<div class=\"elementor-container elementor-column-gap-default\">\n\t\t\t\t\t<div class=\"elementor-column elementor-col-100 elementor-top-column elementor-element elementor-element-9a037f5\" data-id=\"9a037f5\" data-element_type=\"column\">\n\t\t\t<div class=\"elementor-widget-wrap elementor-element-populated\">\n\t\t\t\t\t\t<div class=\"elementor-element elementor-element-3a19243 elementor-widget elementor-widget-spacer\" data-id=\"3a19243\" data-element_type=\"widget\" data-widget_type=\"spacer.default\">\n\t\t\t\t<div class=\"elementor-widget-container\">\n\t\t\t\t\t\t\t<div class=\"elementor-spacer\">\n\t\t\t<div class=\"elementor-spacer-inner\"><\/div>\n\t\t<\/div>\n\t\t\t\t\t\t<\/div>\n\t\t\t\t<\/div>\n\t\t\t\t<div class=\"elementor-element elementor-element-bb428dc ee-posts-helpers-on ee-grid-columns-1 ee-grid-columns-tablet-2 ee-grid-columns-mobile-1 ee-grid-align--stretch ee-grid-halign--left elementor-widget elementor-widget-posts-extra\" data-id=\"bb428dc\" data-element_type=\"widget\" data-settings=\"{&quot;columns&quot;:&quot;1&quot;,&quot;classic_infinite_scroll&quot;:&quot;yes&quot;,&quot;classic_infinite_scroll_button&quot;:&quot;yes&quot;,&quot;columns_tablet&quot;:&quot;2&quot;,&quot;columns_mobile&quot;:&quot;1&quot;,&quot;classic_grid_columns_spacing&quot;:{&quot;unit&quot;:&quot;px&quot;,&quot;size&quot;:24,&quot;sizes&quot;:[]},&quot;classic_grid_columns_spacing_tablet&quot;:{&quot;unit&quot;:&quot;px&quot;,&quot;size&quot;:12,&quot;sizes&quot;:[]},&quot;classic_grid_columns_spacing_mobile&quot;:{&quot;unit&quot;:&quot;px&quot;,&quot;size&quot;:0,&quot;sizes&quot;:[]}}\" data-widget_type=\"posts-extra.classic\">\n\t\t\t\t<div class=\"elementor-widget-container\">\n\t\t\t\t\t<div class=\"ee-grid ee-loop ee-grid--default\"><div class=\"ee-grid__item--sizer\"><\/div><div class=\"ee-grid__item ee-loop__item\"><article class=\"ee-post post-9051 post type-post status-publish format-standard hentry category-photos-des-sorties category-recits-des-sorties\"><div class=\"ee-post__body ee-post__area\"><a href=\"https:\/\/www.randeaubonne.fr\/index.php\/2026\/04\/17\/balade-decouverte-de-lancien-monde-au-nouveau-monde-animee-par-yannic-le-14-avril-2026\/\" class=\"ee-post__title\">\n\t\t\t<h2 class=\"ee-post__title__heading\">Balade d\u00e9couverte \u00ab\u00a0de l&rsquo;ancien Monde au nouveau Monde\u00a0\u00bb, anim\u00e9e par Yannic, le 14 avril 2026<\/h2>\n\t\t<\/a><div class=\"ee-post__excerpt\"><\/div><div class=\"ee-post__read-more\">\n\t\t\t<a class=\"ee-post__button\" href=\"https:\/\/www.randeaubonne.fr\/index.php\/2026\/04\/17\/balade-decouverte-de-lancien-monde-au-nouveau-monde-animee-par-yannic-le-14-avril-2026\/\">\n\t\t\t\tLire Plus >>\t\t\t<\/a>\n\t\t<\/div><\/div><!-- .ee-post__body --><\/article><!-- .ee-post --><\/div><!-- .ee-loop__item --><div class=\"ee-grid__item ee-loop__item\"><article class=\"ee-post post-8930 post type-post status-publish format-standard hentry category-photos-des-sorties\"><div class=\"ee-post__body ee-post__area\"><a href=\"https:\/\/www.randeaubonne.fr\/index.php\/2026\/01\/24\/week-end-en-pays-minier-11-2025\/\" class=\"ee-post__title\">\n\t\t\t<h2 class=\"ee-post__title__heading\">Week end en pays minier 11\/2025<\/h2>\n\t\t<\/a><div class=\"ee-post__excerpt\"><\/div><div class=\"ee-post__read-more\">\n\t\t\t<a class=\"ee-post__button\" href=\"https:\/\/www.randeaubonne.fr\/index.php\/2026\/01\/24\/week-end-en-pays-minier-11-2025\/\">\n\t\t\t\tLire Plus >>\t\t\t<\/a>\n\t\t<\/div><\/div><!-- .ee-post__body --><\/article><!-- .ee-post --><\/div><!-- .ee-loop__item --><div class=\"ee-grid__item ee-loop__item\"><article class=\"ee-post post-8898 post type-post status-publish format-standard hentry category-photos-des-sorties category-recits-des-sorties\"><div class=\"ee-post__body ee-post__area\"><a href=\"https:\/\/www.randeaubonne.fr\/index.php\/2026\/01\/12\/visite-des-salons-de-reception-de-lhotel-de-ville-de-paris-le-9-janvier-2026-photos-avec-legende\/\" class=\"ee-post__title\">\n\t\t\t<h2 class=\"ee-post__title__heading\">Visite des salons de r\u00e9ception de l&rsquo;H\u00f4tel de Ville de Paris, le 9 janvier 2026 (photos avec l\u00e9gende)<\/h2>\n\t\t<\/a><div class=\"ee-post__excerpt\"><\/div><div class=\"ee-post__read-more\">\n\t\t\t<a class=\"ee-post__button\" href=\"https:\/\/www.randeaubonne.fr\/index.php\/2026\/01\/12\/visite-des-salons-de-reception-de-lhotel-de-ville-de-paris-le-9-janvier-2026-photos-avec-legende\/\">\n\t\t\t\tLire Plus >>\t\t\t<\/a>\n\t\t<\/div><\/div><!-- .ee-post__body --><\/article><!-- .ee-post --><\/div><!-- .ee-loop__item --><div class=\"ee-grid__item ee-loop__item\"><article class=\"ee-post post-8566 post type-post status-publish format-standard hentry category-photos-des-sorties\"><div class=\"ee-post__body ee-post__area\"><a href=\"https:\/\/www.randeaubonne.fr\/index.php\/2025\/07\/22\/randonnee-et-fete-de-la-batellerie-a-longueil-annel-dimanche-6-juillet-2025-recit-photos\/\" class=\"ee-post__title\">\n\t\t\t<h2 class=\"ee-post__title__heading\">Randonn\u00e9e et f\u00eate de la batellerie \u00e0 Longueil-Annel, dimanche 6 juillet 2025 (r\u00e9cit + photos)<\/h2>\n\t\t<\/a><div class=\"ee-post__excerpt\"><\/div><div class=\"ee-post__read-more\">\n\t\t\t<a class=\"ee-post__button\" href=\"https:\/\/www.randeaubonne.fr\/index.php\/2025\/07\/22\/randonnee-et-fete-de-la-batellerie-a-longueil-annel-dimanche-6-juillet-2025-recit-photos\/\">\n\t\t\t\tLire Plus >>\t\t\t<\/a>\n\t\t<\/div><\/div><!-- .ee-post__body --><\/article><!-- .ee-post --><\/div><!-- .ee-loop__item --><div class=\"ee-grid__item ee-loop__item\"><article class=\"ee-post post-8557 post type-post status-publish format-standard hentry category-photos-des-sorties\"><div class=\"ee-post__body ee-post__area\"><a href=\"https:\/\/www.randeaubonne.fr\/index.php\/2025\/07\/08\/sortie-culturelle-a-rambouillet-le-21-juin-2025-recit\/\" class=\"ee-post__title\">\n\t\t\t<h2 class=\"ee-post__title__heading\">Sortie culturelle \u00e0 Rambouillet, le 21 juin 2025 (r\u00e9cit + photos)<\/h2>\n\t\t<\/a><div class=\"ee-post__excerpt\"><\/div><div class=\"ee-post__read-more\">\n\t\t\t<a class=\"ee-post__button\" href=\"https:\/\/www.randeaubonne.fr\/index.php\/2025\/07\/08\/sortie-culturelle-a-rambouillet-le-21-juin-2025-recit\/\">\n\t\t\t\tLire Plus >>\t\t\t<\/a>\n\t\t<\/div><\/div><!-- .ee-post__body --><\/article><!-- .ee-post --><\/div><!-- .ee-loop__item --><div class=\"ee-grid__item ee-loop__item\"><article class=\"ee-post post-8488 post type-post status-publish format-standard hentry category-photos-des-sorties\"><div class=\"ee-post__body ee-post__area\"><a href=\"https:\/\/www.randeaubonne.fr\/index.php\/2025\/06\/13\/rando-verte-ronquerolles-jeudi-12-mai-2025\/\" class=\"ee-post__title\">\n\t\t\t<h2 class=\"ee-post__title__heading\">Rando verte Ronquerolles , jeudi 12 juin 2025<\/h2>\n\t\t<\/a><div class=\"ee-post__excerpt\"><\/div><div class=\"ee-post__read-more\">\n\t\t\t<a class=\"ee-post__button\" href=\"https:\/\/www.randeaubonne.fr\/index.php\/2025\/06\/13\/rando-verte-ronquerolles-jeudi-12-mai-2025\/\">\n\t\t\t\tLire Plus >>\t\t\t<\/a>\n\t\t<\/div><\/div><!-- .ee-post__body --><\/article><!-- .ee-post --><\/div><!-- .ee-loop__item --><\/div><!-- .ee-loop --><nav aria-label=\"Pagination\" class=\"ee-pagination ee-pagination--is\" role=\"navigation\"><a class=\"ee-pagination__next page-numbers\" href=\"https:\/\/www.randeaubonne.fr\/index.php\/wp-json\/wp\/v2\/pages\/2193\/page\/2\/\">Next &rarr;<\/a><\/nav><div class=\"ee-load-status\">\n\t\t\t<div class=\"ee-load-status__request infinite-scroll-request\">\n\t\t\t\t<svg version=\"1.1\" id=\"loader-1\" xmlns=\"http:\/\/www.w3.org\/2000\/svg\" xmlns:xlink=\"http:\/\/www.w3.org\/1999\/xlink\" x=\"0px\" y=\"0px\" width=\"40px\" height=\"40px\" viewBox=\"0 0 50 50\" style=\"enable-background:new 0 0 50 50;\" xml:space=\"preserve\">\n\t<path fill=\"#000\" d=\"M43.935,25.145c0-10.318-8.364-18.683-18.683-18.683c-10.318,0-18.683,8.365-18.683,18.683h4.068c0-8.071,6.543-14.615,14.615-14.615c8.072,0,14.615,6.543,14.615,14.615H43.935z\">\n\t\t<animateTransform attributeType=\"xml\"\n\t\t\tattributeName=\"transform\"\n\t\t\ttype=\"rotate\"\n\t\t\tfrom=\"0 25 25\"\n\t\t\tto=\"360 25 25\"\n\t\t\tdur=\"0.6s\"\n\t\t\trepeatCount=\"indefinite\"\/>\n\t<\/path>\n<\/svg>\t\t\t<\/div>\n\t\t\t<div class=\"ee-load-status__last infinite-scroll-last\">\n\t\t\t\tArticles affich\u00e9s\t\t\t<\/div>\n\t\t\t<div class=\"ee-load-status__error infinite-scroll-error\">\n\t\t\t\tAucun article \u00e0 afficher\t\t\t<\/div>\n\t\t<\/div><div class=\"ee-load-button\">\n\t\t\t<a class=\"ee-load-button__trigger ee-load-button__trigger--bb428dc ee-button ee-size-sm\" href=\"\">\n\t\t\t\t<span class=\"ee-button-content-wrapper\">\n\t\t\t\t\t<span class=\"ee-button-text\">\n\t\t\t\t\t\tAfficher plus d'articles\t\t\t\t\t<\/span>\n\t\t\t\t<\/span>\n\t\t\t<\/a>\n\t\t<\/div>\t\t\t\t<\/div>\n\t\t\t\t<\/div>\n\t\t\t\t\t<\/div>\n\t\t<\/div>\n\t\t\t\t\t<\/div>\n\t\t<\/section>\n\t\t\t\t<\/div>\n\t\t","protected":false},"excerpt":{"rendered":"<p>Photos des sorties Rando-verte, de Bessancourt aux marais de Stors, jeudi 24\/10\/24 (photos) Lire Plus >> Fontainebleau, les 25 bosses, samedi 5 Octobre 2024 (photos) Lire Plus >> Randonn\u00e9e Le Perchay-Gouzangrez-Moussy, jeudi 10 octobre 2024 Lire Plus >> Balade d\u00e9couverte \u00a0\u00bb Luxe, pouvoir et Monopoly\u00a0\u00bb, mardi 8 octobre 2024 Lire Plus >> Sortie culturelle \u00e0 [&hellip;]<\/p>\n","protected":false},"author":1,"featured_media":0,"parent":0,"menu_order":0,"comment_status":"closed","ping_status":"closed","template":"","meta":{"footnotes":""},"class_list":["post-2193","page","type-page","status-publish","hentry"],"yoast_head":"<!-- This site is optimized with the Yoast SEO plugin v26.7 - https:\/\/yoast.com\/wordpress\/plugins\/seo\/ -->\n<title>Photos des sorties - Randeaubonne<\/title>\n<meta name=\"robots\" content=\"noindex, nofollow\" \/>\n<meta property=\"og:locale\" content=\"fr_FR\" \/>\n<meta property=\"og:type\" content=\"article\" \/>\n<meta property=\"og:title\" content=\"Photos des sorties - Randeaubonne\" \/>\n<meta property=\"og:description\" content=\"Photos des sorties Rando-verte, de Bessancourt aux marais de Stors, jeudi 24\/10\/24 (photos) Lire Plus &gt;&gt; Fontainebleau, les 25 bosses, samedi 5 Octobre 2024 (photos) Lire Plus &gt;&gt; Randonn\u00e9e Le Perchay-Gouzangrez-Moussy, jeudi 10 octobre 2024 Lire Plus &gt;&gt; Balade d\u00e9couverte \u00a0\u00bb Luxe, pouvoir et Monopoly\u00a0\u00bb, mardi 8 octobre 2024 Lire Plus &gt;&gt; Sortie culturelle \u00e0 [&hellip;]\" \/>\n<meta property=\"og:url\" content=\"https:\/\/www.randeaubonne.fr\/index.php\/photos-des-sorties\/\" \/>\n<meta property=\"og:site_name\" content=\"Randeaubonne\" \/>\n<meta property=\"article:modified_time\" content=\"2026-01-07T09:34:27+00:00\" \/>\n<meta name=\"twitter:card\" content=\"summary_large_image\" \/>\n<meta name=\"twitter:label1\" content=\"Dur\u00e9e de lecture estim\u00e9e\" \/>\n\t<meta name=\"twitter:data1\" content=\"1 minute\" \/>\n<script type=\"application\/ld+json\" class=\"yoast-schema-graph\">{\"@context\":\"https:\/\/schema.org\",\"@graph\":[{\"@type\":\"WebPage\",\"@id\":\"https:\/\/www.randeaubonne.fr\/index.php\/photos-des-sorties\/\",\"url\":\"https:\/\/www.randeaubonne.fr\/index.php\/photos-des-sorties\/\",\"name\":\"Photos des sorties - Randeaubonne\",\"isPartOf\":{\"@id\":\"https:\/\/www.randeaubonne.fr\/#website\"},\"datePublished\":\"2022-01-04T16:03:35+00:00\",\"dateModified\":\"2026-01-07T09:34:27+00:00\",\"breadcrumb\":{\"@id\":\"https:\/\/www.randeaubonne.fr\/index.php\/photos-des-sorties\/#breadcrumb\"},\"inLanguage\":\"fr-FR\",\"potentialAction\":[{\"@type\":\"ReadAction\",\"target\":[\"https:\/\/www.randeaubonne.fr\/index.php\/photos-des-sorties\/\"]}]},{\"@type\":\"BreadcrumbList\",\"@id\":\"https:\/\/www.randeaubonne.fr\/index.php\/photos-des-sorties\/#breadcrumb\",\"itemListElement\":[{\"@type\":\"ListItem\",\"position\":1,\"name\":\"Accueil\",\"item\":\"https:\/\/www.randeaubonne.fr\/\"},{\"@type\":\"ListItem\",\"position\":2,\"name\":\"Photos des sorties\"}]},{\"@type\":\"WebSite\",\"@id\":\"https:\/\/www.randeaubonne.fr\/#website\",\"url\":\"https:\/\/www.randeaubonne.fr\/\",\"name\":\"Randeaubonne\",\"description\":\"La convivialit\u00e9 et la bonne humeur sont notre priorit\u00e9 !\",\"publisher\":{\"@id\":\"https:\/\/www.randeaubonne.fr\/#organization\"},\"potentialAction\":[{\"@type\":\"SearchAction\",\"target\":{\"@type\":\"EntryPoint\",\"urlTemplate\":\"https:\/\/www.randeaubonne.fr\/?s={search_term_string}\"},\"query-input\":{\"@type\":\"PropertyValueSpecification\",\"valueRequired\":true,\"valueName\":\"search_term_string\"}}],\"inLanguage\":\"fr-FR\"},{\"@type\":\"Organization\",\"@id\":\"https:\/\/www.randeaubonne.fr\/#organization\",\"name\":\"Randeaubonne\",\"url\":\"https:\/\/www.randeaubonne.fr\/\",\"logo\":{\"@type\":\"ImageObject\",\"inLanguage\":\"fr-FR\",\"@id\":\"https:\/\/www.randeaubonne.fr\/#\/schema\/logo\/image\/\",\"url\":\"https:\/\/www.randeaubonne.fr\/wp-content\/uploads\/2021\/10\/cropped-logo-randeaubonne-site.png\",\"contentUrl\":\"https:\/\/www.randeaubonne.fr\/wp-content\/uploads\/2021\/10\/cropped-logo-randeaubonne-site.png\",\"width\":215,\"height\":211,\"caption\":\"Randeaubonne\"},\"image\":{\"@id\":\"https:\/\/www.randeaubonne.fr\/#\/schema\/logo\/image\/\"}}]}<\/script>\n<!-- \/ Yoast SEO plugin. -->","yoast_head_json":{"title":"Photos des sorties - Randeaubonne","robots":{"index":"noindex","follow":"nofollow"},"og_locale":"fr_FR","og_type":"article","og_title":"Photos des sorties - Randeaubonne","og_description":"Photos des sorties Rando-verte, de Bessancourt aux marais de Stors, jeudi 24\/10\/24 (photos) Lire Plus >> Fontainebleau, les 25 bosses, samedi 5 Octobre 2024 (photos) Lire Plus >> Randonn\u00e9e Le Perchay-Gouzangrez-Moussy, jeudi 10 octobre 2024 Lire Plus >> Balade d\u00e9couverte \u00a0\u00bb Luxe, pouvoir et Monopoly\u00a0\u00bb, mardi 8 octobre 2024 Lire Plus >> Sortie culturelle \u00e0 [&hellip;]","og_url":"https:\/\/www.randeaubonne.fr\/index.php\/photos-des-sorties\/","og_site_name":"Randeaubonne","article_modified_time":"2026-01-07T09:34:27+00:00","twitter_card":"summary_large_image","twitter_misc":{"Dur\u00e9e de lecture estim\u00e9e":"1 minute"},"schema":{"@context":"https:\/\/schema.org","@graph":[{"@type":"WebPage","@id":"https:\/\/www.randeaubonne.fr\/index.php\/photos-des-sorties\/","url":"https:\/\/www.randeaubonne.fr\/index.php\/photos-des-sorties\/","name":"Photos des sorties - Randeaubonne","isPartOf":{"@id":"https:\/\/www.randeaubonne.fr\/#website"},"datePublished":"2022-01-04T16:03:35+00:00","dateModified":"2026-01-07T09:34:27+00:00","breadcrumb":{"@id":"https:\/\/www.randeaubonne.fr\/index.php\/photos-des-sorties\/#breadcrumb"},"inLanguage":"fr-FR","potentialAction":[{"@type":"ReadAction","target":["https:\/\/www.randeaubonne.fr\/index.php\/photos-des-sorties\/"]}]},{"@type":"BreadcrumbList","@id":"https:\/\/www.randeaubonne.fr\/index.php\/photos-des-sorties\/#breadcrumb","itemListElement":[{"@type":"ListItem","position":1,"name":"Accueil","item":"https:\/\/www.randeaubonne.fr\/"},{"@type":"ListItem","position":2,"name":"Photos des sorties"}]},{"@type":"WebSite","@id":"https:\/\/www.randeaubonne.fr\/#website","url":"https:\/\/www.randeaubonne.fr\/","name":"Randeaubonne","description":"La convivialit\u00e9 et la bonne humeur sont notre priorit\u00e9 !","publisher":{"@id":"https:\/\/www.randeaubonne.fr\/#organization"},"potentialAction":[{"@type":"SearchAction","target":{"@type":"EntryPoint","urlTemplate":"https:\/\/www.randeaubonne.fr\/?s={search_term_string}"},"query-input":{"@type":"PropertyValueSpecification","valueRequired":true,"valueName":"search_term_string"}}],"inLanguage":"fr-FR"},{"@type":"Organization","@id":"https:\/\/www.randeaubonne.fr\/#organization","name":"Randeaubonne","url":"https:\/\/www.randeaubonne.fr\/","logo":{"@type":"ImageObject","inLanguage":"fr-FR","@id":"https:\/\/www.randeaubonne.fr\/#\/schema\/logo\/image\/","url":"https:\/\/www.randeaubonne.fr\/wp-content\/uploads\/2021\/10\/cropped-logo-randeaubonne-site.png","contentUrl":"https:\/\/www.randeaubonne.fr\/wp-content\/uploads\/2021\/10\/cropped-logo-randeaubonne-site.png","width":215,"height":211,"caption":"Randeaubonne"},"image":{"@id":"https:\/\/www.randeaubonne.fr\/#\/schema\/logo\/image\/"}}]}},"_links":{"self":[{"href":"https:\/\/www.randeaubonne.fr\/index.php\/wp-json\/wp\/v2\/pages\/2193","targetHints":{"allow":["GET"]}}],"collection":[{"href":"https:\/\/www.randeaubonne.fr\/index.php\/wp-json\/wp\/v2\/pages"}],"about":[{"href":"https:\/\/www.randeaubonne.fr\/index.php\/wp-json\/wp\/v2\/types\/page"}],"author":[{"embeddable":true,"href":"https:\/\/www.randeaubonne.fr\/index.php\/wp-json\/wp\/v2\/users\/1"}],"replies":[{"embeddable":true,"href":"https:\/\/www.randeaubonne.fr\/index.php\/wp-json\/wp\/v2\/comments?post=2193"}],"version-history":[{"count":27,"href":"https:\/\/www.randeaubonne.fr\/index.php\/wp-json\/wp\/v2\/pages\/2193\/revisions"}],"predecessor-version":[{"id":8820,"href":"https:\/\/www.randeaubonne.fr\/index.php\/wp-json\/wp\/v2\/pages\/2193\/revisions\/8820"}],"wp:attachment":[{"href":"https:\/\/www.randeaubonne.fr\/index.php\/wp-json\/wp\/v2\/media?parent=2193"}],"curies":[{"name":"wp","href":"https:\/\/api.w.org\/{rel}","templated":true}]}}