{"id":1918,"date":"2021-12-06T23:48:17","date_gmt":"2021-12-06T22:48:17","guid":{"rendered":"https:\/\/production.randeaubonne.fr\/?page_id=1918"},"modified":"2023-10-30T18:51:04","modified_gmt":"2023-10-30T17:51:04","slug":"les-bienfaits-de-la-marche","status":"publish","type":"page","link":"https:\/\/www.randeaubonne.fr\/index.php\/les-bienfaits-de-la-marche\/","title":{"rendered":"Les bienfaits de la marche"},"content":{"rendered":"\t\t<div data-elementor-type=\"wp-page\" data-elementor-id=\"1918\" class=\"elementor elementor-1918\" data-elementor-post-type=\"page\">\n\t\t\t\t\t\t<section class=\"elementor-section elementor-top-section elementor-element elementor-element-892bac4 elementor-section-boxed elementor-section-height-default elementor-section-height-default\" data-id=\"892bac4\" data-element_type=\"section\" data-settings=\"{&quot;background_background&quot;:&quot;classic&quot;,&quot;background_image&quot;:{&quot;url&quot;:&quot;&quot;,&quot;id&quot;:&quot;&quot;,&quot;size&quot;:&quot;&quot;,&quot;alt&quot;:&quot;&quot;,&quot;source&quot;:&quot;library&quot;},&quot;background_motion_fx_motion_fx_mouse&quot;:&quot;yes&quot;,&quot;background_motion_fx_mouseTrack_effect&quot;:&quot;yes&quot;,&quot;background_motion_fx_mouseTrack_speed&quot;:{&quot;unit&quot;:&quot;px&quot;,&quot;size&quot;:0.1,&quot;sizes&quot;:[]},&quot;background_image_tablet&quot;:{&quot;url&quot;:&quot;&quot;,&quot;id&quot;:&quot;&quot;,&quot;size&quot;:&quot;&quot;},&quot;background_image_mobile&quot;:{&quot;url&quot;:&quot;&quot;,&quot;id&quot;:&quot;&quot;,&quot;size&quot;:&quot;&quot;}}\">\n\t\t\t\t\t\t<div class=\"elementor-container elementor-column-gap-default\">\n\t\t\t\t\t<div class=\"elementor-column elementor-col-100 elementor-top-column elementor-element elementor-element-2328cbe\" data-id=\"2328cbe\" data-element_type=\"column\">\n\t\t\t<div class=\"elementor-widget-wrap elementor-element-populated\">\n\t\t\t\t\t\t<div class=\"elementor-element elementor-element-61696b9 elementor-widget elementor-widget-heading\" data-id=\"61696b9\" data-element_type=\"widget\" data-widget_type=\"heading.default\">\n\t\t\t\t<div class=\"elementor-widget-container\">\n\t\t\t\t\t<h2 class=\"elementor-heading-title elementor-size-xl\">Les bienfaits de la marche nordique et de la randonn\u00e9e<\/h2>\t\t\t\t<\/div>\n\t\t\t\t<\/div>\n\t\t\t\t\t<\/div>\n\t\t<\/div>\n\t\t\t\t\t<\/div>\n\t\t<\/section>\n\t\t\t\t<section class=\"elementor-section elementor-top-section elementor-element elementor-element-d980797 elementor-section-boxed elementor-section-height-default elementor-section-height-default\" data-id=\"d980797\" data-element_type=\"section\">\n\t\t\t\t\t\t<div class=\"elementor-container elementor-column-gap-default\">\n\t\t\t\t\t<div class=\"elementor-column elementor-col-100 elementor-top-column elementor-element elementor-element-c4d4464\" data-id=\"c4d4464\" data-element_type=\"column\">\n\t\t\t<div class=\"elementor-widget-wrap elementor-element-populated\">\n\t\t\t\t\t\t<div class=\"elementor-element elementor-element-17eab1d elementor-widget elementor-widget-spacer\" data-id=\"17eab1d\" data-element_type=\"widget\" data-widget_type=\"spacer.default\">\n\t\t\t\t<div class=\"elementor-widget-container\">\n\t\t\t\t\t\t\t<div class=\"elementor-spacer\">\n\t\t\t<div class=\"elementor-spacer-inner\"><\/div>\n\t\t<\/div>\n\t\t\t\t\t\t<\/div>\n\t\t\t\t<\/div>\n\t\t\t\t\t<\/div>\n\t\t<\/div>\n\t\t\t\t\t<\/div>\n\t\t<\/section>\n\t\t\t\t<section class=\"elementor-section elementor-top-section elementor-element elementor-element-476b9a6 elementor-section-boxed elementor-section-height-default elementor-section-height-default\" data-id=\"476b9a6\" data-element_type=\"section\">\n\t\t\t\t\t\t<div class=\"elementor-container elementor-column-gap-default\">\n\t\t\t\t\t<div class=\"elementor-column elementor-col-25 elementor-top-column elementor-element elementor-element-4b0cf19\" data-id=\"4b0cf19\" data-element_type=\"column\">\n\t\t\t<div class=\"elementor-widget-wrap\">\n\t\t\t\t\t\t\t<\/div>\n\t\t<\/div>\n\t\t\t\t<div class=\"elementor-column elementor-col-50 elementor-top-column elementor-element elementor-element-20215c5\" data-id=\"20215c5\" data-element_type=\"column\">\n\t\t\t<div class=\"elementor-widget-wrap elementor-element-populated\">\n\t\t\t\t\t\t<div class=\"elementor-element elementor-element-ccd306a elementor-widget elementor-widget-text-editor\" data-id=\"ccd306a\" data-element_type=\"widget\" data-widget_type=\"text-editor.default\">\n\t\t\t\t<div class=\"elementor-widget-container\">\n\t\t\t\t\t\t\t\t\t<h1>Les bienfaits de la marche nordique<\/h1>\n<p>Le principe de la marche nordique est d\u2019accentuer le mouvement de balancier naturel des bras et de propulser le corps vers l\u2019avant \u00e0 l\u2019aide des deux b\u00e2tons sp\u00e9cifiques.<br>Toute la partie sup\u00e9rieure du corps entre ainsi en action en plus des membres inf\u00e9rieurs.<br>Le rythme de marche est g\u00e9n\u00e9ralement plus soutenu qu\u2019en randonn\u00e9e p\u00e9destre traditionnelle, la d\u00e9pense d\u2019\u00e9nergie plus importante et pourtant la fatigue est moins \u00e9lev\u00e9e gr\u00e2ce aux b\u00e2tons.<br>La marche nordique vient des pays scandinaves. Elle est apparue au d\u00e9but des ann\u00e9es 1970 \u00e0 l\u2019initiative de skieurs nordiques qui voulaient entretenir leur niveau de forme et entra\u00eenement pendant l\u2019\u00e9t\u00e9.<br>La marche nordique (ou nordic walking) est aujourd\u2019hui un sport \u00e0 part enti\u00e8re tr\u00e8s populaire.<\/p>\n<p>&nbsp;&nbsp;&nbsp;&nbsp;&nbsp;&nbsp;&nbsp;&nbsp;&nbsp; <strong>Les s\u00e9ances sont g\u00e9n\u00e9ralement de 2 h 30 \u00e0 3 h 00 (y compris l\u2019\u00e9chauffement, le renforcement musculaire et les \u00e9tirements).<\/strong><br>La marche nordique n\u00e9cessite l\u2019apprentissage d\u2019une technique simple mais n\u00e9cessaire pour une pratique efficace et r\u00e9cr\u00e9ative.<\/p><p>&nbsp;&nbsp;&nbsp;&nbsp;&nbsp;&nbsp;&nbsp;&nbsp;&nbsp;&nbsp;&nbsp;&nbsp;&nbsp;&nbsp;&nbsp;&nbsp;&nbsp;&nbsp;&nbsp;&nbsp;&nbsp;&nbsp; <strong>cf<a href=\"https:\/\/www.randeaubonne.fr\/wp-content\/uploads\/2023\/10\/bienfaits-marche-nordique.pdf\" target=\"_blank\" rel=\"noopener\"> cet article du magazine Randonn\u00e9e sant\u00e9 sur les bienfaits de la marche avec b\u00e2tons<\/a><\/strong><\/p>\t\t\t\t\t\t\t\t<\/div>\n\t\t\t\t<\/div>\n\t\t\t\t<div class=\"elementor-element elementor-element-e820453 elementor-widget elementor-widget-text-editor\" data-id=\"e820453\" data-element_type=\"widget\" data-widget_type=\"text-editor.default\">\n\t\t\t\t<div class=\"elementor-widget-container\">\n\t\t\t\t\t\t\t\t\t<h1>Les bienfaits de la randonn\u00e9e p\u00e9destre<\/h1>\n<p>La randonn\u00e9e p\u00e9destre&nbsp;favorise la rencontre de l\u2019homme avec la nature, avec la vie, avec lui-m\u00eame.<br>Elle r\u00e9pond \u00e0 un d\u00e9sir de libert\u00e9, d\u2019authenticit\u00e9, et de convivialit\u00e9.<br>C\u2019est aussi une auberge espagnole o\u00f9 chacun trouve ce qu\u2019il y apporte et, o\u00f9 chacun trouve ce&nbsp;qu\u2019il y cherche.<br>Le sportif, le po\u00e8te ou le contemplatif.&nbsp;L\u2019amoureux de vielles pierres rencontrera sur son chemin une vieille croix, un vieux lavoir,&nbsp;une \u00e9glise ou un ch\u00e2teau. Tous ces \u00e9difices ont vu passer tant de gens au cours des si\u00e8cles, ils&nbsp;peuvent raconter tant d\u2019histoires qu\u2019ils interpellent l\u2019historien aussi bien que le r\u00eaveur.<br>Il y a des itin\u00e9raires pour tous les go\u00fbts, pour tous les \u00e2ges, pour toutes les forces.<br>Randonner, c\u2019est aussi voir la lumi\u00e8re d\u2019un rayon de soleil qui perce la brume du petit matin; le coucher du soleil dans la campagne; le damier des champs qui alternent les verts tendres et&nbsp;les ors ; c\u2019est la for\u00eat qui se pare des couleurs de l\u2019automne ; la vision des neiges \u00e9ternelles en&nbsp;montagne ou du clocher de l\u2019\u00e9glise d\u2019un village, au fond d\u2019une vall\u00e9e, qui \u00e9merge de l\u2019ombre&nbsp;du soir.<\/p>\n<p>C\u2019est une harde de biches, fuyant on ne sait quoi, qui traversent le chemin \u00e0 la tomb\u00e9e de la nuit.<br>C\u2019est sentir l\u2019odeur du sol surchauff\u00e9 mouill\u00e9 par une pluie d\u2019orage, l\u2019odeur ent\u00eatante des colzas en fleurs, ou d\u2019une haie d\u2019aub\u00e9pine au printemps.<\/p>\t\t\t\t\t\t\t\t<\/div>\n\t\t\t\t<\/div>\n\t\t\t\t<div class=\"elementor-element elementor-element-6d47829 elementor-widget elementor-widget-text-editor\" data-id=\"6d47829\" data-element_type=\"widget\" data-widget_type=\"text-editor.default\">\n\t\t\t\t<div class=\"elementor-widget-container\">\n\t\t\t\t\t\t\t\t\t<p>C\u2019est entendre les bruits de la campagne, le champs des oiseaux, le vent dans les arbres.<br \/>C\u2019est aussi avoir mal, les pieds qui font souffrir, le dos qui tire; avoir chaud, avoir froid, \u00eatre\u00a0mouill\u00e9.<br \/>C\u2019est se retrouver entre amis \u00e0 l\u2019\u00e9tape, partager le repas et le dortoir encombr\u00e9.<br \/>C\u2019 est faire des rencontres, parler de tout et de rien, des imp\u00f4ts, de recettes de cuisine ou\u00a0philosopher sur le pass\u00e9, l\u2019avenir, les \u00e9toiles.<br \/>C\u2019est sortir du confort douillet et du cadre \u00e9troit de la ville. C\u2019est retrouver ses racines.<\/p>\t\t\t\t\t\t\t\t<\/div>\n\t\t\t\t<\/div>\n\t\t\t\t<div class=\"elementor-element elementor-element-f8c57ef elementor-widget elementor-widget-spacer\" data-id=\"f8c57ef\" data-element_type=\"widget\" data-widget_type=\"spacer.default\">\n\t\t\t\t<div class=\"elementor-widget-container\">\n\t\t\t\t\t\t\t<div class=\"elementor-spacer\">\n\t\t\t<div class=\"elementor-spacer-inner\"><\/div>\n\t\t<\/div>\n\t\t\t\t\t\t<\/div>\n\t\t\t\t<\/div>\n\t\t\t\t\t<\/div>\n\t\t<\/div>\n\t\t\t\t<div class=\"elementor-column elementor-col-25 elementor-top-column elementor-element elementor-element-bd1b61a\" data-id=\"bd1b61a\" data-element_type=\"column\">\n\t\t\t<div class=\"elementor-widget-wrap\">\n\t\t\t\t\t\t\t<\/div>\n\t\t<\/div>\n\t\t\t\t\t<\/div>\n\t\t<\/section>\n\t\t\t\t<section class=\"elementor-section elementor-top-section elementor-element elementor-element-0d46ecc elementor-section-boxed elementor-section-height-default elementor-section-height-default\" data-id=\"0d46ecc\" data-element_type=\"section\">\n\t\t\t\t\t\t<div class=\"elementor-container elementor-column-gap-default\">\n\t\t\t\t\t<div class=\"elementor-column elementor-col-100 elementor-top-column elementor-element elementor-element-f5a03b7\" data-id=\"f5a03b7\" data-element_type=\"column\">\n\t\t\t<div class=\"elementor-widget-wrap elementor-element-populated\">\n\t\t\t\t\t\t<div class=\"elementor-element elementor-element-775e551 elementor-widget elementor-widget-spacer\" data-id=\"775e551\" data-element_type=\"widget\" data-widget_type=\"spacer.default\">\n\t\t\t\t<div class=\"elementor-widget-container\">\n\t\t\t\t\t\t\t<div class=\"elementor-spacer\">\n\t\t\t<div class=\"elementor-spacer-inner\"><\/div>\n\t\t<\/div>\n\t\t\t\t\t\t<\/div>\n\t\t\t\t<\/div>\n\t\t\t\t\t<\/div>\n\t\t<\/div>\n\t\t\t\t\t<\/div>\n\t\t<\/section>\n\t\t\t\t<\/div>\n\t\t","protected":false},"excerpt":{"rendered":"<p>Les bienfaits de la marche nordique et de la randonn\u00e9e Les bienfaits de la marche nordique Le principe de la marche nordique est d\u2019accentuer le mouvement de balancier naturel des bras et de propulser le corps vers l\u2019avant \u00e0 l\u2019aide des deux b\u00e2tons sp\u00e9cifiques.Toute la partie sup\u00e9rieure du corps entre ainsi en action en plus [&hellip;]<\/p>\n","protected":false},"author":3,"featured_media":0,"parent":0,"menu_order":0,"comment_status":"closed","ping_status":"closed","template":"","meta":{"footnotes":""},"class_list":["post-1918","page","type-page","status-publish","hentry"],"yoast_head":"<!-- This site is optimized with the Yoast SEO plugin v26.7 - https:\/\/yoast.com\/wordpress\/plugins\/seo\/ -->\n<title>Les bienfaits de la marche - Randeaubonne<\/title>\n<meta name=\"robots\" content=\"index, follow, max-snippet:-1, max-image-preview:large, max-video-preview:-1\" \/>\n<link rel=\"canonical\" href=\"https:\/\/www.randeaubonne.fr\/index.php\/les-bienfaits-de-la-marche\/\" \/>\n<meta property=\"og:locale\" content=\"fr_FR\" \/>\n<meta property=\"og:type\" content=\"article\" \/>\n<meta property=\"og:title\" content=\"Les bienfaits de la marche - Randeaubonne\" \/>\n<meta property=\"og:description\" content=\"Les bienfaits de la marche nordique et de la randonn\u00e9e Les bienfaits de la marche nordique Le principe de la marche nordique est d\u2019accentuer le mouvement de balancier naturel des bras et de propulser le corps vers l\u2019avant \u00e0 l\u2019aide des deux b\u00e2tons sp\u00e9cifiques.Toute la partie sup\u00e9rieure du corps entre ainsi en action en plus [&hellip;]\" \/>\n<meta property=\"og:url\" content=\"https:\/\/www.randeaubonne.fr\/index.php\/les-bienfaits-de-la-marche\/\" \/>\n<meta property=\"og:site_name\" content=\"Randeaubonne\" \/>\n<meta property=\"article:modified_time\" content=\"2023-10-30T17:51:04+00:00\" \/>\n<meta name=\"twitter:card\" content=\"summary_large_image\" \/>\n<meta name=\"twitter:label1\" content=\"Dur\u00e9e de lecture estim\u00e9e\" \/>\n\t<meta name=\"twitter:data1\" content=\"3 minutes\" \/>\n<script type=\"application\/ld+json\" class=\"yoast-schema-graph\">{\"@context\":\"https:\/\/schema.org\",\"@graph\":[{\"@type\":\"WebPage\",\"@id\":\"https:\/\/www.randeaubonne.fr\/index.php\/les-bienfaits-de-la-marche\/\",\"url\":\"https:\/\/www.randeaubonne.fr\/index.php\/les-bienfaits-de-la-marche\/\",\"name\":\"Les bienfaits de la marche - Randeaubonne\",\"isPartOf\":{\"@id\":\"https:\/\/www.randeaubonne.fr\/#website\"},\"datePublished\":\"2021-12-06T22:48:17+00:00\",\"dateModified\":\"2023-10-30T17:51:04+00:00\",\"breadcrumb\":{\"@id\":\"https:\/\/www.randeaubonne.fr\/index.php\/les-bienfaits-de-la-marche\/#breadcrumb\"},\"inLanguage\":\"fr-FR\",\"potentialAction\":[{\"@type\":\"ReadAction\",\"target\":[\"https:\/\/www.randeaubonne.fr\/index.php\/les-bienfaits-de-la-marche\/\"]}]},{\"@type\":\"BreadcrumbList\",\"@id\":\"https:\/\/www.randeaubonne.fr\/index.php\/les-bienfaits-de-la-marche\/#breadcrumb\",\"itemListElement\":[{\"@type\":\"ListItem\",\"position\":1,\"name\":\"Accueil\",\"item\":\"https:\/\/www.randeaubonne.fr\/\"},{\"@type\":\"ListItem\",\"position\":2,\"name\":\"Les bienfaits de la marche\"}]},{\"@type\":\"WebSite\",\"@id\":\"https:\/\/www.randeaubonne.fr\/#website\",\"url\":\"https:\/\/www.randeaubonne.fr\/\",\"name\":\"Randeaubonne\",\"description\":\"La convivialit\u00e9 et la bonne humeur sont notre priorit\u00e9 !\",\"publisher\":{\"@id\":\"https:\/\/www.randeaubonne.fr\/#organization\"},\"potentialAction\":[{\"@type\":\"SearchAction\",\"target\":{\"@type\":\"EntryPoint\",\"urlTemplate\":\"https:\/\/www.randeaubonne.fr\/?s={search_term_string}\"},\"query-input\":{\"@type\":\"PropertyValueSpecification\",\"valueRequired\":true,\"valueName\":\"search_term_string\"}}],\"inLanguage\":\"fr-FR\"},{\"@type\":\"Organization\",\"@id\":\"https:\/\/www.randeaubonne.fr\/#organization\",\"name\":\"Randeaubonne\",\"url\":\"https:\/\/www.randeaubonne.fr\/\",\"logo\":{\"@type\":\"ImageObject\",\"inLanguage\":\"fr-FR\",\"@id\":\"https:\/\/www.randeaubonne.fr\/#\/schema\/logo\/image\/\",\"url\":\"https:\/\/www.randeaubonne.fr\/wp-content\/uploads\/2021\/10\/cropped-logo-randeaubonne-site.png\",\"contentUrl\":\"https:\/\/www.randeaubonne.fr\/wp-content\/uploads\/2021\/10\/cropped-logo-randeaubonne-site.png\",\"width\":215,\"height\":211,\"caption\":\"Randeaubonne\"},\"image\":{\"@id\":\"https:\/\/www.randeaubonne.fr\/#\/schema\/logo\/image\/\"}}]}<\/script>\n<!-- \/ Yoast SEO plugin. -->","yoast_head_json":{"title":"Les bienfaits de la marche - Randeaubonne","robots":{"index":"index","follow":"follow","max-snippet":"max-snippet:-1","max-image-preview":"max-image-preview:large","max-video-preview":"max-video-preview:-1"},"canonical":"https:\/\/www.randeaubonne.fr\/index.php\/les-bienfaits-de-la-marche\/","og_locale":"fr_FR","og_type":"article","og_title":"Les bienfaits de la marche - Randeaubonne","og_description":"Les bienfaits de la marche nordique et de la randonn\u00e9e Les bienfaits de la marche nordique Le principe de la marche nordique est d\u2019accentuer le mouvement de balancier naturel des bras et de propulser le corps vers l\u2019avant \u00e0 l\u2019aide des deux b\u00e2tons sp\u00e9cifiques.Toute la partie sup\u00e9rieure du corps entre ainsi en action en plus [&hellip;]","og_url":"https:\/\/www.randeaubonne.fr\/index.php\/les-bienfaits-de-la-marche\/","og_site_name":"Randeaubonne","article_modified_time":"2023-10-30T17:51:04+00:00","twitter_card":"summary_large_image","twitter_misc":{"Dur\u00e9e de lecture estim\u00e9e":"3 minutes"},"schema":{"@context":"https:\/\/schema.org","@graph":[{"@type":"WebPage","@id":"https:\/\/www.randeaubonne.fr\/index.php\/les-bienfaits-de-la-marche\/","url":"https:\/\/www.randeaubonne.fr\/index.php\/les-bienfaits-de-la-marche\/","name":"Les bienfaits de la marche - Randeaubonne","isPartOf":{"@id":"https:\/\/www.randeaubonne.fr\/#website"},"datePublished":"2021-12-06T22:48:17+00:00","dateModified":"2023-10-30T17:51:04+00:00","breadcrumb":{"@id":"https:\/\/www.randeaubonne.fr\/index.php\/les-bienfaits-de-la-marche\/#breadcrumb"},"inLanguage":"fr-FR","potentialAction":[{"@type":"ReadAction","target":["https:\/\/www.randeaubonne.fr\/index.php\/les-bienfaits-de-la-marche\/"]}]},{"@type":"BreadcrumbList","@id":"https:\/\/www.randeaubonne.fr\/index.php\/les-bienfaits-de-la-marche\/#breadcrumb","itemListElement":[{"@type":"ListItem","position":1,"name":"Accueil","item":"https:\/\/www.randeaubonne.fr\/"},{"@type":"ListItem","position":2,"name":"Les bienfaits de la marche"}]},{"@type":"WebSite","@id":"https:\/\/www.randeaubonne.fr\/#website","url":"https:\/\/www.randeaubonne.fr\/","name":"Randeaubonne","description":"La convivialit\u00e9 et la bonne humeur sont notre priorit\u00e9 !","publisher":{"@id":"https:\/\/www.randeaubonne.fr\/#organization"},"potentialAction":[{"@type":"SearchAction","target":{"@type":"EntryPoint","urlTemplate":"https:\/\/www.randeaubonne.fr\/?s={search_term_string}"},"query-input":{"@type":"PropertyValueSpecification","valueRequired":true,"valueName":"search_term_string"}}],"inLanguage":"fr-FR"},{"@type":"Organization","@id":"https:\/\/www.randeaubonne.fr\/#organization","name":"Randeaubonne","url":"https:\/\/www.randeaubonne.fr\/","logo":{"@type":"ImageObject","inLanguage":"fr-FR","@id":"https:\/\/www.randeaubonne.fr\/#\/schema\/logo\/image\/","url":"https:\/\/www.randeaubonne.fr\/wp-content\/uploads\/2021\/10\/cropped-logo-randeaubonne-site.png","contentUrl":"https:\/\/www.randeaubonne.fr\/wp-content\/uploads\/2021\/10\/cropped-logo-randeaubonne-site.png","width":215,"height":211,"caption":"Randeaubonne"},"image":{"@id":"https:\/\/www.randeaubonne.fr\/#\/schema\/logo\/image\/"}}]}},"_links":{"self":[{"href":"https:\/\/www.randeaubonne.fr\/index.php\/wp-json\/wp\/v2\/pages\/1918","targetHints":{"allow":["GET"]}}],"collection":[{"href":"https:\/\/www.randeaubonne.fr\/index.php\/wp-json\/wp\/v2\/pages"}],"about":[{"href":"https:\/\/www.randeaubonne.fr\/index.php\/wp-json\/wp\/v2\/types\/page"}],"author":[{"embeddable":true,"href":"https:\/\/www.randeaubonne.fr\/index.php\/wp-json\/wp\/v2\/users\/3"}],"replies":[{"embeddable":true,"href":"https:\/\/www.randeaubonne.fr\/index.php\/wp-json\/wp\/v2\/comments?post=1918"}],"version-history":[{"count":26,"href":"https:\/\/www.randeaubonne.fr\/index.php\/wp-json\/wp\/v2\/pages\/1918\/revisions"}],"predecessor-version":[{"id":5854,"href":"https:\/\/www.randeaubonne.fr\/index.php\/wp-json\/wp\/v2\/pages\/1918\/revisions\/5854"}],"wp:attachment":[{"href":"https:\/\/www.randeaubonne.fr\/index.php\/wp-json\/wp\/v2\/media?parent=1918"}],"curies":[{"name":"wp","href":"https:\/\/api.w.org\/{rel}","templated":true}]}}