{"id":1786,"date":"2021-12-03T17:51:19","date_gmt":"2021-12-03T16:51:19","guid":{"rendered":"https:\/\/production.randeaubonne.fr\/?page_id=1786"},"modified":"2025-10-14T18:26:14","modified_gmt":"2025-10-14T16:26:14","slug":"presentation-du-club","status":"publish","type":"page","link":"https:\/\/www.randeaubonne.fr\/index.php\/presentation-du-club\/","title":{"rendered":"Pr\u00e9sentation du club"},"content":{"rendered":"\t\t<div data-elementor-type=\"wp-page\" data-elementor-id=\"1786\" class=\"elementor elementor-1786\" data-elementor-post-type=\"page\">\n\t\t\t\t\t\t<section class=\"elementor-section elementor-top-section elementor-element elementor-element-e169d71 elementor-section-boxed elementor-section-height-default elementor-section-height-default\" data-id=\"e169d71\" data-element_type=\"section\" data-settings=\"{&quot;background_background&quot;:&quot;classic&quot;,&quot;background_image&quot;:{&quot;url&quot;:&quot;&quot;,&quot;id&quot;:&quot;&quot;,&quot;size&quot;:&quot;&quot;,&quot;alt&quot;:&quot;&quot;,&quot;source&quot;:&quot;library&quot;},&quot;background_motion_fx_motion_fx_mouse&quot;:&quot;yes&quot;,&quot;background_motion_fx_mouseTrack_effect&quot;:&quot;yes&quot;,&quot;background_motion_fx_mouseTrack_speed&quot;:{&quot;unit&quot;:&quot;px&quot;,&quot;size&quot;:0.1,&quot;sizes&quot;:[]},&quot;background_image_tablet&quot;:{&quot;url&quot;:&quot;&quot;,&quot;id&quot;:&quot;&quot;,&quot;size&quot;:&quot;&quot;},&quot;background_image_mobile&quot;:{&quot;url&quot;:&quot;&quot;,&quot;id&quot;:&quot;&quot;,&quot;size&quot;:&quot;&quot;}}\">\n\t\t\t\t\t\t<div class=\"elementor-container elementor-column-gap-default\">\n\t\t\t\t\t<div class=\"elementor-column elementor-col-100 elementor-top-column elementor-element elementor-element-07d5955\" data-id=\"07d5955\" data-element_type=\"column\">\n\t\t\t<div class=\"elementor-widget-wrap elementor-element-populated\">\n\t\t\t\t\t\t<div class=\"elementor-element elementor-element-e512720 elementor-widget elementor-widget-heading\" data-id=\"e512720\" data-element_type=\"widget\" data-widget_type=\"heading.default\">\n\t\t\t\t<div class=\"elementor-widget-container\">\n\t\t\t\t\t<h2 class=\"elementor-heading-title elementor-size-xl\">Pr\u00e9sentation du club<\/h2>\t\t\t\t<\/div>\n\t\t\t\t<\/div>\n\t\t\t\t\t<\/div>\n\t\t<\/div>\n\t\t\t\t\t<\/div>\n\t\t<\/section>\n\t\t\t\t<section class=\"elementor-section elementor-top-section elementor-element elementor-element-dddeb21 elementor-section-boxed elementor-section-height-default elementor-section-height-default\" data-id=\"dddeb21\" data-element_type=\"section\">\n\t\t\t\t\t\t<div class=\"elementor-container elementor-column-gap-default\">\n\t\t\t\t\t<div class=\"elementor-column elementor-col-100 elementor-top-column elementor-element elementor-element-34fa8cb\" data-id=\"34fa8cb\" data-element_type=\"column\">\n\t\t\t<div class=\"elementor-widget-wrap elementor-element-populated\">\n\t\t\t\t\t\t<div class=\"elementor-element elementor-element-5b1ab48 elementor-widget elementor-widget-spacer\" data-id=\"5b1ab48\" data-element_type=\"widget\" data-widget_type=\"spacer.default\">\n\t\t\t\t<div class=\"elementor-widget-container\">\n\t\t\t\t\t\t\t<div class=\"elementor-spacer\">\n\t\t\t<div class=\"elementor-spacer-inner\"><\/div>\n\t\t<\/div>\n\t\t\t\t\t\t<\/div>\n\t\t\t\t<\/div>\n\t\t\t\t\t<\/div>\n\t\t<\/div>\n\t\t\t\t\t<\/div>\n\t\t<\/section>\n\t\t\t\t<section class=\"elementor-section elementor-top-section elementor-element elementor-element-7c7b91a elementor-section-content-middle elementor-section-boxed elementor-section-height-default elementor-section-height-default\" data-id=\"7c7b91a\" data-element_type=\"section\">\n\t\t\t\t\t\t<div class=\"elementor-container elementor-column-gap-default\">\n\t\t\t\t\t<div class=\"elementor-column elementor-col-100 elementor-top-column elementor-element elementor-element-290a177\" data-id=\"290a177\" data-element_type=\"column\">\n\t\t\t<div class=\"elementor-widget-wrap elementor-element-populated\">\n\t\t\t\t\t\t<div class=\"elementor-element elementor-element-df6d031 elementor-widget elementor-widget-heading\" data-id=\"df6d031\" data-element_type=\"widget\" data-widget_type=\"heading.default\">\n\t\t\t\t<div class=\"elementor-widget-container\">\n\t\t\t\t\t<h2 class=\"elementor-heading-title elementor-size-default\">Bienvenue<\/h2>\t\t\t\t<\/div>\n\t\t\t\t<\/div>\n\t\t\t\t\t<\/div>\n\t\t<\/div>\n\t\t\t\t\t<\/div>\n\t\t<\/section>\n\t\t\t\t<section class=\"elementor-section elementor-top-section elementor-element elementor-element-4f7cedf elementor-section-boxed elementor-section-height-default elementor-section-height-default\" data-id=\"4f7cedf\" data-element_type=\"section\">\n\t\t\t\t\t\t<div class=\"elementor-container elementor-column-gap-default\">\n\t\t\t\t\t<div class=\"elementor-column elementor-col-100 elementor-top-column elementor-element elementor-element-0f16063\" data-id=\"0f16063\" data-element_type=\"column\">\n\t\t\t<div class=\"elementor-widget-wrap elementor-element-populated\">\n\t\t\t\t\t\t<div class=\"elementor-element elementor-element-08656e9 elementor-widget elementor-widget-spacer\" data-id=\"08656e9\" data-element_type=\"widget\" data-widget_type=\"spacer.default\">\n\t\t\t\t<div class=\"elementor-widget-container\">\n\t\t\t\t\t\t\t<div class=\"elementor-spacer\">\n\t\t\t<div class=\"elementor-spacer-inner\"><\/div>\n\t\t<\/div>\n\t\t\t\t\t\t<\/div>\n\t\t\t\t<\/div>\n\t\t\t\t\t<\/div>\n\t\t<\/div>\n\t\t\t\t\t<\/div>\n\t\t<\/section>\n\t\t\t\t<section class=\"elementor-section elementor-top-section elementor-element elementor-element-dd0932b elementor-section-boxed elementor-section-height-default elementor-section-height-default\" data-id=\"dd0932b\" data-element_type=\"section\">\n\t\t\t\t\t\t<div class=\"elementor-container elementor-column-gap-default\">\n\t\t\t\t\t<div class=\"elementor-column elementor-col-25 elementor-top-column elementor-element elementor-element-fe8d924\" data-id=\"fe8d924\" data-element_type=\"column\">\n\t\t\t<div class=\"elementor-widget-wrap\">\n\t\t\t\t\t\t\t<\/div>\n\t\t<\/div>\n\t\t\t\t<div class=\"elementor-column elementor-col-50 elementor-top-column elementor-element elementor-element-9baf0f7\" data-id=\"9baf0f7\" data-element_type=\"column\">\n\t\t\t<div class=\"elementor-widget-wrap elementor-element-populated\">\n\t\t\t\t\t\t<div class=\"elementor-element elementor-element-2dcdd8c elementor-widget elementor-widget-text-editor\" data-id=\"2dcdd8c\" data-element_type=\"widget\" data-widget_type=\"text-editor.default\">\n\t\t\t\t<div class=\"elementor-widget-container\">\n\t\t\t\t\t\t\t\t\t<p>Vous venez d\u2019adh\u00e9rer ou vous allez le faire, voici quelques infos sur le club de randonn\u00e9es d&rsquo;Eaubonne.<\/p><p>Le club, section du CSME depuis 1983, est devenu ind\u00e9pendant en 2021. II est affili\u00e9 \u00e0 la\u00a0<a href=\"https:\/\/www.ffrandonnee.fr\/\" target=\"_blank\" rel=\"noopener\">F\u00e9d\u00e9ration Fran\u00e7aise de Randonn\u00e9e<\/a>\u00a0(FFRandonn\u00e9e).<\/p><p>Vous trouverez <a href=\"https:\/\/www.randeaubonne.fr\/wp-content\/uploads\/2021\/11\/Reglement-interieur-CSME-Randonnee-Pedestre-version-aout-2021-1.pdf\" target=\"_blank\" rel=\"noopener\">le r\u00e8glement int\u00e9rieur du club ici.<\/a><\/p><p>La cotisation annuelle comprend la licence avec son assurance et une part pour le fonctionnement du club. Votre adh\u00e9sion vous permet de participer \u00e0 plusieurs activit\u00e9s, propos\u00e9es dans le bulletin\u00a0<b>\u00ab\u00a0La Balade\u00a0\u00bb<\/b>\u00a0diffus\u00e9e trois fois par an aux adh\u00e9rents :<\/p><ul><li><strong>Des randonn\u00e9es p\u00e9destres<\/strong> de diff\u00e9rentes dur\u00e9es (matin\u00e9es, apr\u00e8s-midi ou journ\u00e9es avec pique-nique) et aussi de diff\u00e9rents niveaux: 7\/12 km et 18\/25 km. Les randonn\u00e9es sont organis\u00e9es tout au long de l\u2019ann\u00e9e le jeudi et samedi ou dimanche. Le rendez-vous pour les randonn\u00e9es est situ\u00e9 sur le parking du march\u00e9, entre le march\u00e9 et le terrain de boules \u00e0 l\u2019heure indiqu\u00e9e sur le programme.\u00a0<\/li><\/ul><ul><li><strong>Des s\u00e9ances de Marche Nordique<\/strong> sont propos\u00e9es le mardi, mercredi, jeudi et samedi. Le programme \u00ab\u00a0La Balade Marche Nordique\u00a0\u00bb est diffus\u00e9 aux adh\u00e9rents. Des conseils pour pratiquer cette activit\u00e9 se trouvent sur ce programme, ainsi que les coordonn\u00e9es des animateurs aupr\u00e8s desquels il faut s\u2019inscrire pour chaque s\u00e9ance.<\/li><\/ul><ul><li><strong>Des s\u00e9ances de marche sant\u00e9<\/strong> le lundi et le mercredi apr\u00e8s-midi.<\/li><\/ul><p>Dans le r\u00e8glement interne du club une participation aux frais de covoiturage pour ces trois activit\u00e9s est pr\u00e9vue et indiqu\u00e9e sur le programme. <b style=\"background-color: transparent;\">(VP1 : 1euros, VP2\u00a0: 2 euros, VP3: 3 euros, VP4\u00a0: 4 euros, VP5\u00a0: 5 euros, VP6 : 6 euros, VP7: 7 euros)<\/b><span style=\"background-color: transparent;\">.<\/span><\/p>\t\t\t\t\t\t\t\t<\/div>\n\t\t\t\t<\/div>\n\t\t\t\t<div class=\"elementor-element elementor-element-62c5313 elementor-widget elementor-widget-text-editor\" data-id=\"62c5313\" data-element_type=\"widget\" data-widget_type=\"text-editor.default\">\n\t\t\t\t<div class=\"elementor-widget-container\">\n\t\t\t\t\t\t\t\t\t<p>Le club vous propose aussi, en g\u00e9n\u00e9ral une fois par mois :<\/p><ul><li><strong>Des sorties culturelles<\/strong> avec participation financi\u00e8re.<\/li><li><strong>Des balades-d\u00e9couverte<\/strong> \u00e0 Paris ou sa proche banlieue, gratuites.<\/li><\/ul><p>Les activit\u00e9s sont encadr\u00e9es par des animateurs qualifi\u00e9s b\u00e9n\u00e9voles qui sont ma\u00eetres de leurs randonn\u00e9es : parcours, s\u00e9curit\u00e9, annulation ou remplacement \u00e9ventuel.<\/p><p class=\"MsoNormal\" style=\"margin-bottom: 7.5pt; line-height: normal; background-image: initial; background-position: initial; background-size: initial; background-repeat: initial; background-attachment: initial; background-origin: initial; background-clip: initial;\"><span style=\"font-size: 12pt; color: black;\">Le club met \u00e0 disposition des <b>circuits-photos<\/b>, qui aident \u00e0 d\u00e9couvrir, seul, entre amis ou en famille, de fa\u00e7on ludique et autonome Eaubonne et les villes avoisinantes.<\/span><\/p><p class=\"MsoNormal\" style=\"margin-bottom: 7.5pt; line-height: normal; background-image: initial; background-position: initial; background-size: initial; background-repeat: initial; background-attachment: initial; background-origin: initial; background-clip: initial;\"><span style=\"font-size: 12pt; color: black;\">Si vous souhaitez faire de la marche rapide sur longues distances, vous pouvez \u00e9galement participer \u00e0 des <b>marches d\u2019endurance AUDAX, hors club.<\/b><\/span><b><\/b><\/p><p>\u00a0<\/p><p class=\"MsoNormal\" style=\"margin-bottom: 7.5pt; line-height: normal; background-image: initial; background-position: initial; background-size: initial; background-repeat: initial; background-attachment: initial; background-origin: initial; background-clip: initial;\"><span style=\"font-size: 12pt; color: black;\">Enfin, le club organise des<b> s\u00e9jours<\/b> de randonn\u00e9es, raquettes ou marche nordique, en France et \u00e0 l\u2019\u00e9tranger.<\/span><\/p>\t\t\t\t\t\t\t\t<\/div>\n\t\t\t\t<\/div>\n\t\t\t\t<div class=\"elementor-element elementor-element-0ee4968 elementor-widget elementor-widget-text-editor\" data-id=\"0ee4968\" data-element_type=\"widget\" data-widget_type=\"text-editor.default\">\n\t\t\t\t<div class=\"elementor-widget-container\">\n\t\t\t\t\t\t\t\t\t<p>Dans votre <strong>espace personnel,<\/strong> vous retrouverez le <strong>trombinoscope<\/strong> des adh\u00e9rents et un<b> journal interne\u00a0 \u00a0 \u00a0 \u00a0 \u00a0 \u00a0 \u00a0 \u00a0 \u00a0 \u00a0 \u00a0 \u00a0 \u00a0\u00ab Touzazimuts \u00bb <\/b>diffus\u00e9 trois fois par an, qui revient sur les \u00e9v\u00e9nements marquants v\u00e9cus par le club et les actus \u00e0 venir<b>.\u00a0<\/b><\/p>\t\t\t\t\t\t\t\t<\/div>\n\t\t\t\t<\/div>\n\t\t\t\t<div class=\"elementor-element elementor-element-4838e84 elementor-widget elementor-widget-text-editor\" data-id=\"4838e84\" data-element_type=\"widget\" data-widget_type=\"text-editor.default\">\n\t\t\t\t<div class=\"elementor-widget-container\">\n\t\t\t\t\t\t\t\t\t<p><i>La randonn\u00e9e p\u00e9destre est une activit\u00e9 sportive<\/i>. Par s\u00e9curit\u00e9, vous devez porter une paire de chaussures de marche adapt\u00e9e \u00e0 la randonn\u00e9e propos\u00e9e. Avoir un petit sac \u00e0 dos contenant v\u00eatements de pluie, v\u00eatements chaud en hiver, eau, pique-nique si besoin, un encas pour les pauses, petite pharmacie et m\u00e9dicaments personnels indispensables (asthme\u2026). <strong>Un certificat m\u00e9dical d\u2019aptitude \u00e0 la randonn\u00e9e p\u00e9destre est demand\u00e9 \u00e0 l\u2018adh\u00e9sion.<\/strong><\/p>\t\t\t\t\t\t\t\t<\/div>\n\t\t\t\t<\/div>\n\t\t\t\t<div class=\"elementor-element elementor-element-60258c4 elementor-widget elementor-widget-text-editor\" data-id=\"60258c4\" data-element_type=\"widget\" data-widget_type=\"text-editor.default\">\n\t\t\t\t<div class=\"elementor-widget-container\">\n\t\t\t\t\t\t\t\t\t<p><b><i>Bienvenue au club o\u00f9 la convivialit\u00e9 et la bonne humeur sont notre priorit\u00e9\u2026\u00a0!<\/i><\/b><\/p>\t\t\t\t\t\t\t\t<\/div>\n\t\t\t\t<\/div>\n\t\t\t\t\t<\/div>\n\t\t<\/div>\n\t\t\t\t<div class=\"elementor-column elementor-col-25 elementor-top-column elementor-element elementor-element-80476d5\" data-id=\"80476d5\" data-element_type=\"column\">\n\t\t\t<div class=\"elementor-widget-wrap\">\n\t\t\t\t\t\t\t<\/div>\n\t\t<\/div>\n\t\t\t\t\t<\/div>\n\t\t<\/section>\n\t\t\t\t<section class=\"elementor-section elementor-top-section elementor-element elementor-element-58d9d56 elementor-section-boxed elementor-section-height-default elementor-section-height-default\" data-id=\"58d9d56\" data-element_type=\"section\">\n\t\t\t\t\t\t<div class=\"elementor-container elementor-column-gap-default\">\n\t\t\t\t\t<div class=\"elementor-column elementor-col-100 elementor-top-column elementor-element elementor-element-8f48137\" data-id=\"8f48137\" data-element_type=\"column\">\n\t\t\t<div class=\"elementor-widget-wrap elementor-element-populated\">\n\t\t\t\t\t\t<div class=\"elementor-element elementor-element-8b90c0b elementor-widget elementor-widget-spacer\" data-id=\"8b90c0b\" data-element_type=\"widget\" data-widget_type=\"spacer.default\">\n\t\t\t\t<div class=\"elementor-widget-container\">\n\t\t\t\t\t\t\t<div class=\"elementor-spacer\">\n\t\t\t<div class=\"elementor-spacer-inner\"><\/div>\n\t\t<\/div>\n\t\t\t\t\t\t<\/div>\n\t\t\t\t<\/div>\n\t\t\t\t\t<\/div>\n\t\t<\/div>\n\t\t\t\t\t<\/div>\n\t\t<\/section>\n\t\t\t\t<\/div>\n\t\t","protected":false},"excerpt":{"rendered":"<p>Pr\u00e9sentation du club Bienvenue Vous venez d\u2019adh\u00e9rer ou vous allez le faire, voici quelques infos sur le club de randonn\u00e9es d&rsquo;Eaubonne. Le club, section du CSME depuis 1983, est devenu ind\u00e9pendant en 2021. II est affili\u00e9 \u00e0 la\u00a0F\u00e9d\u00e9ration Fran\u00e7aise de Randonn\u00e9e\u00a0(FFRandonn\u00e9e). Vous trouverez le r\u00e8glement int\u00e9rieur du club ici. La cotisation annuelle comprend la licence [&hellip;]<\/p>\n","protected":false},"author":1,"featured_media":0,"parent":0,"menu_order":0,"comment_status":"closed","ping_status":"closed","template":"","meta":{"footnotes":""},"class_list":["post-1786","page","type-page","status-publish","hentry"],"yoast_head":"<!-- This site is optimized with the Yoast SEO plugin v26.7 - https:\/\/yoast.com\/wordpress\/plugins\/seo\/ -->\n<title>Pr\u00e9sentation du club - Randeaubonne<\/title>\n<meta name=\"robots\" content=\"index, follow, max-snippet:-1, max-image-preview:large, max-video-preview:-1\" \/>\n<link rel=\"canonical\" href=\"https:\/\/www.randeaubonne.fr\/index.php\/presentation-du-club\/\" \/>\n<meta property=\"og:locale\" content=\"fr_FR\" \/>\n<meta property=\"og:type\" content=\"article\" \/>\n<meta property=\"og:title\" content=\"Pr\u00e9sentation du club - Randeaubonne\" \/>\n<meta property=\"og:description\" content=\"Pr\u00e9sentation du club Bienvenue Vous venez d\u2019adh\u00e9rer ou vous allez le faire, voici quelques infos sur le club de randonn\u00e9es d&rsquo;Eaubonne. Le club, section du CSME depuis 1983, est devenu ind\u00e9pendant en 2021. II est affili\u00e9 \u00e0 la\u00a0F\u00e9d\u00e9ration Fran\u00e7aise de Randonn\u00e9e\u00a0(FFRandonn\u00e9e). Vous trouverez le r\u00e8glement int\u00e9rieur du club ici. La cotisation annuelle comprend la licence [&hellip;]\" \/>\n<meta property=\"og:url\" content=\"https:\/\/www.randeaubonne.fr\/index.php\/presentation-du-club\/\" \/>\n<meta property=\"og:site_name\" content=\"Randeaubonne\" \/>\n<meta property=\"article:modified_time\" content=\"2025-10-14T16:26:14+00:00\" \/>\n<meta name=\"twitter:card\" content=\"summary_large_image\" \/>\n<meta name=\"twitter:label1\" content=\"Dur\u00e9e de lecture estim\u00e9e\" \/>\n\t<meta name=\"twitter:data1\" content=\"3 minutes\" \/>\n<script type=\"application\/ld+json\" class=\"yoast-schema-graph\">{\"@context\":\"https:\/\/schema.org\",\"@graph\":[{\"@type\":\"WebPage\",\"@id\":\"https:\/\/www.randeaubonne.fr\/index.php\/presentation-du-club\/\",\"url\":\"https:\/\/www.randeaubonne.fr\/index.php\/presentation-du-club\/\",\"name\":\"Pr\u00e9sentation du club - Randeaubonne\",\"isPartOf\":{\"@id\":\"https:\/\/www.randeaubonne.fr\/#website\"},\"datePublished\":\"2021-12-03T16:51:19+00:00\",\"dateModified\":\"2025-10-14T16:26:14+00:00\",\"breadcrumb\":{\"@id\":\"https:\/\/www.randeaubonne.fr\/index.php\/presentation-du-club\/#breadcrumb\"},\"inLanguage\":\"fr-FR\",\"potentialAction\":[{\"@type\":\"ReadAction\",\"target\":[\"https:\/\/www.randeaubonne.fr\/index.php\/presentation-du-club\/\"]}]},{\"@type\":\"BreadcrumbList\",\"@id\":\"https:\/\/www.randeaubonne.fr\/index.php\/presentation-du-club\/#breadcrumb\",\"itemListElement\":[{\"@type\":\"ListItem\",\"position\":1,\"name\":\"Accueil\",\"item\":\"https:\/\/www.randeaubonne.fr\/\"},{\"@type\":\"ListItem\",\"position\":2,\"name\":\"Pr\u00e9sentation du club\"}]},{\"@type\":\"WebSite\",\"@id\":\"https:\/\/www.randeaubonne.fr\/#website\",\"url\":\"https:\/\/www.randeaubonne.fr\/\",\"name\":\"Randeaubonne\",\"description\":\"La convivialit\u00e9 et la bonne humeur sont notre priorit\u00e9 !\",\"publisher\":{\"@id\":\"https:\/\/www.randeaubonne.fr\/#organization\"},\"potentialAction\":[{\"@type\":\"SearchAction\",\"target\":{\"@type\":\"EntryPoint\",\"urlTemplate\":\"https:\/\/www.randeaubonne.fr\/?s={search_term_string}\"},\"query-input\":{\"@type\":\"PropertyValueSpecification\",\"valueRequired\":true,\"valueName\":\"search_term_string\"}}],\"inLanguage\":\"fr-FR\"},{\"@type\":\"Organization\",\"@id\":\"https:\/\/www.randeaubonne.fr\/#organization\",\"name\":\"Randeaubonne\",\"url\":\"https:\/\/www.randeaubonne.fr\/\",\"logo\":{\"@type\":\"ImageObject\",\"inLanguage\":\"fr-FR\",\"@id\":\"https:\/\/www.randeaubonne.fr\/#\/schema\/logo\/image\/\",\"url\":\"https:\/\/www.randeaubonne.fr\/wp-content\/uploads\/2021\/10\/cropped-logo-randeaubonne-site.png\",\"contentUrl\":\"https:\/\/www.randeaubonne.fr\/wp-content\/uploads\/2021\/10\/cropped-logo-randeaubonne-site.png\",\"width\":215,\"height\":211,\"caption\":\"Randeaubonne\"},\"image\":{\"@id\":\"https:\/\/www.randeaubonne.fr\/#\/schema\/logo\/image\/\"}}]}<\/script>\n<!-- \/ Yoast SEO plugin. -->","yoast_head_json":{"title":"Pr\u00e9sentation du club - Randeaubonne","robots":{"index":"index","follow":"follow","max-snippet":"max-snippet:-1","max-image-preview":"max-image-preview:large","max-video-preview":"max-video-preview:-1"},"canonical":"https:\/\/www.randeaubonne.fr\/index.php\/presentation-du-club\/","og_locale":"fr_FR","og_type":"article","og_title":"Pr\u00e9sentation du club - Randeaubonne","og_description":"Pr\u00e9sentation du club Bienvenue Vous venez d\u2019adh\u00e9rer ou vous allez le faire, voici quelques infos sur le club de randonn\u00e9es d&rsquo;Eaubonne. Le club, section du CSME depuis 1983, est devenu ind\u00e9pendant en 2021. II est affili\u00e9 \u00e0 la\u00a0F\u00e9d\u00e9ration Fran\u00e7aise de Randonn\u00e9e\u00a0(FFRandonn\u00e9e). Vous trouverez le r\u00e8glement int\u00e9rieur du club ici. La cotisation annuelle comprend la licence [&hellip;]","og_url":"https:\/\/www.randeaubonne.fr\/index.php\/presentation-du-club\/","og_site_name":"Randeaubonne","article_modified_time":"2025-10-14T16:26:14+00:00","twitter_card":"summary_large_image","twitter_misc":{"Dur\u00e9e de lecture estim\u00e9e":"3 minutes"},"schema":{"@context":"https:\/\/schema.org","@graph":[{"@type":"WebPage","@id":"https:\/\/www.randeaubonne.fr\/index.php\/presentation-du-club\/","url":"https:\/\/www.randeaubonne.fr\/index.php\/presentation-du-club\/","name":"Pr\u00e9sentation du club - Randeaubonne","isPartOf":{"@id":"https:\/\/www.randeaubonne.fr\/#website"},"datePublished":"2021-12-03T16:51:19+00:00","dateModified":"2025-10-14T16:26:14+00:00","breadcrumb":{"@id":"https:\/\/www.randeaubonne.fr\/index.php\/presentation-du-club\/#breadcrumb"},"inLanguage":"fr-FR","potentialAction":[{"@type":"ReadAction","target":["https:\/\/www.randeaubonne.fr\/index.php\/presentation-du-club\/"]}]},{"@type":"BreadcrumbList","@id":"https:\/\/www.randeaubonne.fr\/index.php\/presentation-du-club\/#breadcrumb","itemListElement":[{"@type":"ListItem","position":1,"name":"Accueil","item":"https:\/\/www.randeaubonne.fr\/"},{"@type":"ListItem","position":2,"name":"Pr\u00e9sentation du club"}]},{"@type":"WebSite","@id":"https:\/\/www.randeaubonne.fr\/#website","url":"https:\/\/www.randeaubonne.fr\/","name":"Randeaubonne","description":"La convivialit\u00e9 et la bonne humeur sont notre priorit\u00e9 !","publisher":{"@id":"https:\/\/www.randeaubonne.fr\/#organization"},"potentialAction":[{"@type":"SearchAction","target":{"@type":"EntryPoint","urlTemplate":"https:\/\/www.randeaubonne.fr\/?s={search_term_string}"},"query-input":{"@type":"PropertyValueSpecification","valueRequired":true,"valueName":"search_term_string"}}],"inLanguage":"fr-FR"},{"@type":"Organization","@id":"https:\/\/www.randeaubonne.fr\/#organization","name":"Randeaubonne","url":"https:\/\/www.randeaubonne.fr\/","logo":{"@type":"ImageObject","inLanguage":"fr-FR","@id":"https:\/\/www.randeaubonne.fr\/#\/schema\/logo\/image\/","url":"https:\/\/www.randeaubonne.fr\/wp-content\/uploads\/2021\/10\/cropped-logo-randeaubonne-site.png","contentUrl":"https:\/\/www.randeaubonne.fr\/wp-content\/uploads\/2021\/10\/cropped-logo-randeaubonne-site.png","width":215,"height":211,"caption":"Randeaubonne"},"image":{"@id":"https:\/\/www.randeaubonne.fr\/#\/schema\/logo\/image\/"}}]}},"_links":{"self":[{"href":"https:\/\/www.randeaubonne.fr\/index.php\/wp-json\/wp\/v2\/pages\/1786","targetHints":{"allow":["GET"]}}],"collection":[{"href":"https:\/\/www.randeaubonne.fr\/index.php\/wp-json\/wp\/v2\/pages"}],"about":[{"href":"https:\/\/www.randeaubonne.fr\/index.php\/wp-json\/wp\/v2\/types\/page"}],"author":[{"embeddable":true,"href":"https:\/\/www.randeaubonne.fr\/index.php\/wp-json\/wp\/v2\/users\/1"}],"replies":[{"embeddable":true,"href":"https:\/\/www.randeaubonne.fr\/index.php\/wp-json\/wp\/v2\/comments?post=1786"}],"version-history":[{"count":55,"href":"https:\/\/www.randeaubonne.fr\/index.php\/wp-json\/wp\/v2\/pages\/1786\/revisions"}],"predecessor-version":[{"id":8670,"href":"https:\/\/www.randeaubonne.fr\/index.php\/wp-json\/wp\/v2\/pages\/1786\/revisions\/8670"}],"wp:attachment":[{"href":"https:\/\/www.randeaubonne.fr\/index.php\/wp-json\/wp\/v2\/media?parent=1786"}],"curies":[{"name":"wp","href":"https:\/\/api.w.org\/{rel}","templated":true}]}}